{"id":1591,"date":"2022-12-12T09:50:09","date_gmt":"2022-12-12T08:50:09","guid":{"rendered":"https:\/\/valenciarepublicana.dival.es\/vida-quotidiana\/"},"modified":"2023-06-01T00:19:29","modified_gmt":"2023-05-31T22:19:29","slug":"vida-quotidiana","status":"publish","type":"page","link":"https:\/\/valenciarepublicana.dival.es\/es\/vida-quotidiana\/","title":{"rendered":"Vida cotidiana"},"content":{"rendered":"\n<p>La ciudad de Val\u00e8ncia en los a\u00f1os treinta vive un importante crecimiento urbano, el nuevo contexto modernizador laico y regeneracionista de la II Rep\u00fablica ayudar\u00e1 tanto al desarrollo de una cultura de masas que se manifestar\u00e1 en acontecimientos deportivos, en los espect\u00e1culos multitudinarios y en las expresiones de calle colectivas, como el incremento y evoluci\u00f3n de las opciones de ocio. El censo de la ciudad de Val\u00e8ncia pas\u00f3 de 251.258 habitantes en 1920 a 320.195 el diciembre de 1931. El 1 de julio de 1937 se calcula en 378.912, y en 399.061 el julio de 1939.<\/p>\n\n\n\n<p><br>Desde el mismo momento de la proclamaci\u00f3n de la Rep\u00fablica se vivi\u00f3 en la calle un ambiente festivo o conmemorativo, una nueva cultura l\u00fadica, reflejo del deseo de una nueva sociedad que experimentar\u00eda un renacimiento cultural y pol\u00edtico. Conferencias, festivales art\u00edsticos, veladas conmemorativas, homenajes, m\u00edtines, manifestaciones, actas de afirmaci\u00f3n, bandas de m\u00fasica interpretando canciones e himnos, caracterizaron la intensa actividad cotidiana de este momento.<\/p>\n\n\n\n<p><br>Expresiones de la necesidad de \u00absalir\u00bb y de \u00abocupar\u00bb el espacio p\u00fablico en determinados momentos por parte de aquellos sectores sociales las expectativas de los cuales se estaban transformando en el nuevo contexto republicano, la proclamaci\u00f3n de la II Rep\u00fablica permiti\u00f3 a las fuerzas progresistas y al movimiento obrero ocupar la calle y poner en marcha los ritos movilizadores que identificaban a republicanos, socialistas y anarquistas desde comienzos de siglo. Rituales de movilizaci\u00f3n pol\u00edtica por excelencia en los cuales se mezclaba la fiesta, la propaganda y la incitaci\u00f3n a la actividad revolucionaria.<br><\/p>\n\n\n\n<p>En la ciudad, el espacio de encuentro que adquirir\u00e1 un mayor protagonismo ser\u00e1 el de la plaza de Emilio Castelar, actual plaza del Ayuntamiento. All\u00ed se proclama la Rep\u00fablica y desde all\u00ed, desde el ayuntamiento, se dirigir\u00e1n a una nutrida concurrencia los diferentes l\u00edderes republicanos que visitan la ciudad.<\/p>\n\n\n\n<div style=\"height:50px\" aria-hidden=\"true\" class=\"wp-block-spacer\"><\/div>\n\n\n\n<figure class=\"wp-block-gallery has-nested-images columns-3 is-cropped wp-block-gallery-1 is-layout-flex wp-block-gallery-is-layout-flex\">\n<figure class=\"wp-block-image size-large\"><a href=\"https:\/\/valenciarepublicana.dival.es\/wp-content\/uploads\/2023\/06\/Avion-de-linea-en-el-aeropuerto-de-Manises.jpg\"><img fetchpriority=\"high\" decoding=\"async\" width=\"560\" height=\"372\" data-id=\"1552\" src=\"https:\/\/valenciarepublicana.dival.es\/wp-content\/uploads\/2023\/06\/Avion-de-linea-en-el-aeropuerto-de-Manises.jpg\" alt=\"\" class=\"wp-image-1552\" srcset=\"https:\/\/valenciarepublicana.dival.es\/wp-content\/uploads\/2023\/06\/Avion-de-linea-en-el-aeropuerto-de-Manises.jpg 560w, https:\/\/valenciarepublicana.dival.es\/wp-content\/uploads\/2023\/06\/Avion-de-linea-en-el-aeropuerto-de-Manises-300x199.jpg 300w\" sizes=\"(max-width: 560px) 100vw, 560px\" \/><\/a><\/figure>\n\n\n\n<figure class=\"wp-block-image size-large\"><a href=\"https:\/\/valenciarepublicana.dival.es\/wp-content\/uploads\/2023\/06\/Cabalgata-infantil-organizada-por-el-Ministerio-de-Instruccion-Publica_Enero-1937.jpg\"><img decoding=\"async\" width=\"760\" height=\"1024\" data-id=\"1568\" src=\"https:\/\/valenciarepublicana.dival.es\/wp-content\/uploads\/2023\/06\/Cabalgata-infantil-organizada-por-el-Ministerio-de-Instruccion-Publica_Enero-1937-760x1024.jpg\" alt=\"\" class=\"wp-image-1568\" srcset=\"https:\/\/valenciarepublicana.dival.es\/wp-content\/uploads\/2023\/06\/Cabalgata-infantil-organizada-por-el-Ministerio-de-Instruccion-Publica_Enero-1937-760x1024.jpg 760w, https:\/\/valenciarepublicana.dival.es\/wp-content\/uploads\/2023\/06\/Cabalgata-infantil-organizada-por-el-Ministerio-de-Instruccion-Publica_Enero-1937-223x300.jpg 223w, https:\/\/valenciarepublicana.dival.es\/wp-content\/uploads\/2023\/06\/Cabalgata-infantil-organizada-por-el-Ministerio-de-Instruccion-Publica_Enero-1937-768x1035.jpg 768w, https:\/\/valenciarepublicana.dival.es\/wp-content\/uploads\/2023\/06\/Cabalgata-infantil-organizada-por-el-Ministerio-de-Instruccion-Publica_Enero-1937.jpg 1039w\" sizes=\"(max-width: 760px) 100vw, 760px\" \/><\/a><\/figure>\n\n\n\n<figure class=\"wp-block-image size-large\"><a href=\"https:\/\/valenciarepublicana.dival.es\/wp-content\/uploads\/2023\/06\/El-campo-del-Levante-.jpg\"><img decoding=\"async\" width=\"1024\" height=\"744\" data-id=\"1566\" src=\"https:\/\/valenciarepublicana.dival.es\/wp-content\/uploads\/2023\/06\/El-campo-del-Levante--1024x744.jpg\" alt=\"\" class=\"wp-image-1566\" srcset=\"https:\/\/valenciarepublicana.dival.es\/wp-content\/uploads\/2023\/06\/El-campo-del-Levante--1024x744.jpg 1024w, https:\/\/valenciarepublicana.dival.es\/wp-content\/uploads\/2023\/06\/El-campo-del-Levante--300x218.jpg 300w, https:\/\/valenciarepublicana.dival.es\/wp-content\/uploads\/2023\/06\/El-campo-del-Levante--768x558.jpg 768w, https:\/\/valenciarepublicana.dival.es\/wp-content\/uploads\/2023\/06\/El-campo-del-Levante-.jpg 1272w\" sizes=\"(max-width: 1024px) 100vw, 1024px\" \/><\/a><\/figure>\n\n\n\n<figure class=\"wp-block-image size-large\"><a href=\"https:\/\/valenciarepublicana.dival.es\/wp-content\/uploads\/2023\/06\/El-Levante-fue-el-campeon-de-Copa-en-1937.jpg\"><img loading=\"lazy\" decoding=\"async\" width=\"1024\" height=\"881\" data-id=\"1560\" src=\"https:\/\/valenciarepublicana.dival.es\/wp-content\/uploads\/2023\/06\/El-Levante-fue-el-campeon-de-Copa-en-1937-1024x881.jpg\" alt=\"\" class=\"wp-image-1560\" srcset=\"https:\/\/valenciarepublicana.dival.es\/wp-content\/uploads\/2023\/06\/El-Levante-fue-el-campeon-de-Copa-en-1937-1024x881.jpg 1024w, https:\/\/valenciarepublicana.dival.es\/wp-content\/uploads\/2023\/06\/El-Levante-fue-el-campeon-de-Copa-en-1937-300x258.jpg 300w, https:\/\/valenciarepublicana.dival.es\/wp-content\/uploads\/2023\/06\/El-Levante-fue-el-campeon-de-Copa-en-1937-768x661.jpg 768w, https:\/\/valenciarepublicana.dival.es\/wp-content\/uploads\/2023\/06\/El-Levante-fue-el-campeon-de-Copa-en-1937.jpg 1181w\" sizes=\"(max-width: 1024px) 100vw, 1024px\" \/><\/a><\/figure>\n\n\n\n<figure class=\"wp-block-image size-large\"><a href=\"https:\/\/valenciarepublicana.dival.es\/wp-content\/uploads\/2023\/06\/Estreno-de-Lenin-imagenes-de-la-Revolucion-Rusa-en-el-teatro-Alkazar-en-1932.jpg\"><img loading=\"lazy\" decoding=\"async\" width=\"788\" height=\"591\" data-id=\"1562\" src=\"https:\/\/valenciarepublicana.dival.es\/wp-content\/uploads\/2023\/06\/Estreno-de-Lenin-imagenes-de-la-Revolucion-Rusa-en-el-teatro-Alkazar-en-1932.jpg\" alt=\"\" class=\"wp-image-1562\" srcset=\"https:\/\/valenciarepublicana.dival.es\/wp-content\/uploads\/2023\/06\/Estreno-de-Lenin-imagenes-de-la-Revolucion-Rusa-en-el-teatro-Alkazar-en-1932.jpg 788w, https:\/\/valenciarepublicana.dival.es\/wp-content\/uploads\/2023\/06\/Estreno-de-Lenin-imagenes-de-la-Revolucion-Rusa-en-el-teatro-Alkazar-en-1932-300x225.jpg 300w, https:\/\/valenciarepublicana.dival.es\/wp-content\/uploads\/2023\/06\/Estreno-de-Lenin-imagenes-de-la-Revolucion-Rusa-en-el-teatro-Alkazar-en-1932-768x576.jpg 768w\" sizes=\"(max-width: 788px) 100vw, 788px\" \/><\/a><\/figure>\n\n\n\n<figure class=\"wp-block-image size-large\"><a href=\"https:\/\/valenciarepublicana.dival.es\/wp-content\/uploads\/2023\/06\/Fachada-de-Ateneo-durante-la-guerra.jpg\"><img loading=\"lazy\" decoding=\"async\" width=\"661\" height=\"1024\" data-id=\"1573\" src=\"https:\/\/valenciarepublicana.dival.es\/wp-content\/uploads\/2023\/06\/Fachada-de-Ateneo-durante-la-guerra-661x1024.jpg\" alt=\"\" class=\"wp-image-1573\" srcset=\"https:\/\/valenciarepublicana.dival.es\/wp-content\/uploads\/2023\/06\/Fachada-de-Ateneo-durante-la-guerra-661x1024.jpg 661w, https:\/\/valenciarepublicana.dival.es\/wp-content\/uploads\/2023\/06\/Fachada-de-Ateneo-durante-la-guerra-194x300.jpg 194w, https:\/\/valenciarepublicana.dival.es\/wp-content\/uploads\/2023\/06\/Fachada-de-Ateneo-durante-la-guerra-768x1189.jpg 768w, https:\/\/valenciarepublicana.dival.es\/wp-content\/uploads\/2023\/06\/Fachada-de-Ateneo-durante-la-guerra.jpg 987w\" sizes=\"(max-width: 661px) 100vw, 661px\" \/><\/a><\/figure>\n\n\n\n<figure class=\"wp-block-image size-large\"><a href=\"https:\/\/valenciarepublicana.dival.es\/wp-content\/uploads\/2023\/06\/Llegada-a-Valencia-de-los-restos-de-Blasco-Ibanez_CRONICA_12_nov_1933.jpg\"><img loading=\"lazy\" decoding=\"async\" width=\"757\" height=\"1024\" data-id=\"1584\" src=\"https:\/\/valenciarepublicana.dival.es\/wp-content\/uploads\/2023\/06\/Llegada-a-Valencia-de-los-restos-de-Blasco-Ibanez_CRONICA_12_nov_1933-757x1024.jpg\" alt=\"\" class=\"wp-image-1584\" srcset=\"https:\/\/valenciarepublicana.dival.es\/wp-content\/uploads\/2023\/06\/Llegada-a-Valencia-de-los-restos-de-Blasco-Ibanez_CRONICA_12_nov_1933-757x1024.jpg 757w, https:\/\/valenciarepublicana.dival.es\/wp-content\/uploads\/2023\/06\/Llegada-a-Valencia-de-los-restos-de-Blasco-Ibanez_CRONICA_12_nov_1933-222x300.jpg 222w, https:\/\/valenciarepublicana.dival.es\/wp-content\/uploads\/2023\/06\/Llegada-a-Valencia-de-los-restos-de-Blasco-Ibanez_CRONICA_12_nov_1933-768x1039.jpg 768w, https:\/\/valenciarepublicana.dival.es\/wp-content\/uploads\/2023\/06\/Llegada-a-Valencia-de-los-restos-de-Blasco-Ibanez_CRONICA_12_nov_1933.jpg 1035w\" sizes=\"(max-width: 757px) 100vw, 757px\" \/><\/a><\/figure>\n\n\n\n<figure class=\"wp-block-image size-large\"><a href=\"https:\/\/valenciarepublicana.dival.es\/wp-content\/uploads\/2023\/06\/Mitin-de-Azana-en-Mestalla-1935.-A-su-lado-Juan-Peset.-Foto-Lazaro-Bayarri.jpg\"><img loading=\"lazy\" decoding=\"async\" width=\"790\" height=\"580\" data-id=\"1556\" src=\"https:\/\/valenciarepublicana.dival.es\/wp-content\/uploads\/2023\/06\/Mitin-de-Azana-en-Mestalla-1935.-A-su-lado-Juan-Peset.-Foto-Lazaro-Bayarri.jpg\" alt=\"\" class=\"wp-image-1556\" srcset=\"https:\/\/valenciarepublicana.dival.es\/wp-content\/uploads\/2023\/06\/Mitin-de-Azana-en-Mestalla-1935.-A-su-lado-Juan-Peset.-Foto-Lazaro-Bayarri.jpg 790w, https:\/\/valenciarepublicana.dival.es\/wp-content\/uploads\/2023\/06\/Mitin-de-Azana-en-Mestalla-1935.-A-su-lado-Juan-Peset.-Foto-Lazaro-Bayarri-300x220.jpg 300w, https:\/\/valenciarepublicana.dival.es\/wp-content\/uploads\/2023\/06\/Mitin-de-Azana-en-Mestalla-1935.-A-su-lado-Juan-Peset.-Foto-Lazaro-Bayarri-768x564.jpg 768w\" sizes=\"(max-width: 790px) 100vw, 790px\" \/><\/a><\/figure>\n\n\n\n<figure class=\"wp-block-image size-large\"><a href=\"https:\/\/valenciarepublicana.dival.es\/wp-content\/uploads\/2023\/06\/Mitin-en-el-Teatro-Principal-durante-la-guerraL.jpg\"><img loading=\"lazy\" decoding=\"async\" width=\"752\" height=\"1024\" data-id=\"1578\" src=\"https:\/\/valenciarepublicana.dival.es\/wp-content\/uploads\/2023\/06\/Mitin-en-el-Teatro-Principal-durante-la-guerraL-752x1024.jpg\" alt=\"\" class=\"wp-image-1578\" srcset=\"https:\/\/valenciarepublicana.dival.es\/wp-content\/uploads\/2023\/06\/Mitin-en-el-Teatro-Principal-durante-la-guerraL-752x1024.jpg 752w, https:\/\/valenciarepublicana.dival.es\/wp-content\/uploads\/2023\/06\/Mitin-en-el-Teatro-Principal-durante-la-guerraL-220x300.jpg 220w, https:\/\/valenciarepublicana.dival.es\/wp-content\/uploads\/2023\/06\/Mitin-en-el-Teatro-Principal-durante-la-guerraL-768x1046.jpg 768w, https:\/\/valenciarepublicana.dival.es\/wp-content\/uploads\/2023\/06\/Mitin-en-el-Teatro-Principal-durante-la-guerraL.jpg 1028w\" sizes=\"(max-width: 752px) 100vw, 752px\" \/><\/a><\/figure>\n\n\n\n<figure class=\"wp-block-image size-large\"><a href=\"https:\/\/valenciarepublicana.dival.es\/wp-content\/uploads\/2023\/06\/Pase-Levante-1937.jpg\"><img loading=\"lazy\" decoding=\"async\" width=\"1024\" height=\"675\" data-id=\"1572\" src=\"https:\/\/valenciarepublicana.dival.es\/wp-content\/uploads\/2023\/06\/Pase-Levante-1937-1024x675.jpg\" alt=\"\" class=\"wp-image-1572\" srcset=\"https:\/\/valenciarepublicana.dival.es\/wp-content\/uploads\/2023\/06\/Pase-Levante-1937-1024x675.jpg 1024w, https:\/\/valenciarepublicana.dival.es\/wp-content\/uploads\/2023\/06\/Pase-Levante-1937-300x198.jpg 300w, https:\/\/valenciarepublicana.dival.es\/wp-content\/uploads\/2023\/06\/Pase-Levante-1937-768x506.jpg 768w, https:\/\/valenciarepublicana.dival.es\/wp-content\/uploads\/2023\/06\/Pase-Levante-1937.jpg 1200w\" sizes=\"(max-width: 1024px) 100vw, 1024px\" \/><\/a><\/figure>\n\n\n\n<figure class=\"wp-block-image size-large\"><a href=\"https:\/\/valenciarepublicana.dival.es\/wp-content\/uploads\/2023\/06\/Pastelerias-en-1937.jpg\"><img loading=\"lazy\" decoding=\"async\" width=\"709\" height=\"1024\" data-id=\"1582\" src=\"https:\/\/valenciarepublicana.dival.es\/wp-content\/uploads\/2023\/06\/Pastelerias-en-1937-709x1024.jpg\" alt=\"\" class=\"wp-image-1582\" srcset=\"https:\/\/valenciarepublicana.dival.es\/wp-content\/uploads\/2023\/06\/Pastelerias-en-1937-709x1024.jpg 709w, https:\/\/valenciarepublicana.dival.es\/wp-content\/uploads\/2023\/06\/Pastelerias-en-1937-208x300.jpg 208w, https:\/\/valenciarepublicana.dival.es\/wp-content\/uploads\/2023\/06\/Pastelerias-en-1937.jpg 743w\" sizes=\"(max-width: 709px) 100vw, 709px\" \/><\/a><\/figure>\n\n\n\n<figure class=\"wp-block-image size-large\"><a href=\"https:\/\/valenciarepublicana.dival.es\/wp-content\/uploads\/2023\/06\/Pl_Emilio-Castelar_1937_1_b.jpg\"><img loading=\"lazy\" decoding=\"async\" width=\"450\" height=\"324\" data-id=\"1554\" src=\"https:\/\/valenciarepublicana.dival.es\/wp-content\/uploads\/2023\/06\/Pl_Emilio-Castelar_1937_1_b.jpg\" alt=\"\" class=\"wp-image-1554\" srcset=\"https:\/\/valenciarepublicana.dival.es\/wp-content\/uploads\/2023\/06\/Pl_Emilio-Castelar_1937_1_b.jpg 450w, https:\/\/valenciarepublicana.dival.es\/wp-content\/uploads\/2023\/06\/Pl_Emilio-Castelar_1937_1_b-300x216.jpg 300w\" sizes=\"(max-width: 450px) 100vw, 450px\" \/><\/a><\/figure>\n\n\n\n<figure class=\"wp-block-image size-large\"><a href=\"https:\/\/valenciarepublicana.dival.es\/wp-content\/uploads\/2023\/06\/Pl_Emilio-Castelar_1937_2.jpg\"><img loading=\"lazy\" decoding=\"async\" width=\"1024\" height=\"690\" data-id=\"1576\" src=\"https:\/\/valenciarepublicana.dival.es\/wp-content\/uploads\/2023\/06\/Pl_Emilio-Castelar_1937_2-1024x690.jpg\" alt=\"\" class=\"wp-image-1576\" srcset=\"https:\/\/valenciarepublicana.dival.es\/wp-content\/uploads\/2023\/06\/Pl_Emilio-Castelar_1937_2-1024x690.jpg 1024w, https:\/\/valenciarepublicana.dival.es\/wp-content\/uploads\/2023\/06\/Pl_Emilio-Castelar_1937_2-300x202.jpg 300w, https:\/\/valenciarepublicana.dival.es\/wp-content\/uploads\/2023\/06\/Pl_Emilio-Castelar_1937_2-768x518.jpg 768w, https:\/\/valenciarepublicana.dival.es\/wp-content\/uploads\/2023\/06\/Pl_Emilio-Castelar_1937_2.jpg 1489w\" sizes=\"(max-width: 1024px) 100vw, 1024px\" \/><\/a><\/figure>\n\n\n\n<figure class=\"wp-block-image size-large\"><a href=\"https:\/\/valenciarepublicana.dival.es\/wp-content\/uploads\/2023\/06\/Sorteo-de-la-loteria-navidad.-En-1936-se-realizo-en-Valencia.jpg\"><img loading=\"lazy\" decoding=\"async\" width=\"1024\" height=\"716\" data-id=\"1564\" src=\"https:\/\/valenciarepublicana.dival.es\/wp-content\/uploads\/2023\/06\/Sorteo-de-la-loteria-navidad.-En-1936-se-realizo-en-Valencia-1024x716.jpg\" alt=\"\" class=\"wp-image-1564\" srcset=\"https:\/\/valenciarepublicana.dival.es\/wp-content\/uploads\/2023\/06\/Sorteo-de-la-loteria-navidad.-En-1936-se-realizo-en-Valencia-1024x716.jpg 1024w, https:\/\/valenciarepublicana.dival.es\/wp-content\/uploads\/2023\/06\/Sorteo-de-la-loteria-navidad.-En-1936-se-realizo-en-Valencia-300x210.jpg 300w, https:\/\/valenciarepublicana.dival.es\/wp-content\/uploads\/2023\/06\/Sorteo-de-la-loteria-navidad.-En-1936-se-realizo-en-Valencia-768x537.jpg 768w, https:\/\/valenciarepublicana.dival.es\/wp-content\/uploads\/2023\/06\/Sorteo-de-la-loteria-navidad.-En-1936-se-realizo-en-Valencia.jpg 1280w\" sizes=\"(max-width: 1024px) 100vw, 1024px\" \/><\/a><\/figure>\n\n\n\n<figure class=\"wp-block-image size-large\"><a href=\"https:\/\/valenciarepublicana.dival.es\/wp-content\/uploads\/2023\/06\/Uno-de-los-locales-mas-concurridos-durante-este-periodo.jpg\"><img loading=\"lazy\" decoding=\"async\" width=\"732\" height=\"458\" data-id=\"1558\" src=\"https:\/\/valenciarepublicana.dival.es\/wp-content\/uploads\/2023\/06\/Uno-de-los-locales-mas-concurridos-durante-este-periodo.jpg\" alt=\"\" class=\"wp-image-1558\" srcset=\"https:\/\/valenciarepublicana.dival.es\/wp-content\/uploads\/2023\/06\/Uno-de-los-locales-mas-concurridos-durante-este-periodo.jpg 732w, https:\/\/valenciarepublicana.dival.es\/wp-content\/uploads\/2023\/06\/Uno-de-los-locales-mas-concurridos-durante-este-periodo-300x188.jpg 300w\" sizes=\"(max-width: 732px) 100vw, 732px\" \/><\/a><\/figure>\n\n\n\n<figure class=\"wp-block-image size-large\"><a href=\"https:\/\/valenciarepublicana.dival.es\/wp-content\/uploads\/2023\/06\/Uno-de-los-muchos-locales-dedicados-al-baile.jpg\"><img loading=\"lazy\" decoding=\"async\" width=\"1024\" height=\"781\" data-id=\"1579\" src=\"https:\/\/valenciarepublicana.dival.es\/wp-content\/uploads\/2023\/06\/Uno-de-los-muchos-locales-dedicados-al-baile-1024x781.jpg\" alt=\"\" class=\"wp-image-1579\" srcset=\"https:\/\/valenciarepublicana.dival.es\/wp-content\/uploads\/2023\/06\/Uno-de-los-muchos-locales-dedicados-al-baile-1024x781.jpg 1024w, https:\/\/valenciarepublicana.dival.es\/wp-content\/uploads\/2023\/06\/Uno-de-los-muchos-locales-dedicados-al-baile-300x229.jpg 300w, https:\/\/valenciarepublicana.dival.es\/wp-content\/uploads\/2023\/06\/Uno-de-los-muchos-locales-dedicados-al-baile-768x586.jpg 768w, https:\/\/valenciarepublicana.dival.es\/wp-content\/uploads\/2023\/06\/Uno-de-los-muchos-locales-dedicados-al-baile.jpg 1200w\" sizes=\"(max-width: 1024px) 100vw, 1024px\" \/><\/a><\/figure>\n\n\n\n<figure class=\"wp-block-image size-large\"><a href=\"https:\/\/valenciarepublicana.dival.es\/wp-content\/uploads\/2023\/06\/Visita-a-Valencia-del-presidente-de-la-Republica_Pl_Emilio-Castelar_Ahora-7-abril_1932.jpg\"><img loading=\"lazy\" decoding=\"async\" width=\"736\" height=\"1024\" data-id=\"1570\" src=\"https:\/\/valenciarepublicana.dival.es\/wp-content\/uploads\/2023\/06\/Visita-a-Valencia-del-presidente-de-la-Republica_Pl_Emilio-Castelar_Ahora-7-abril_1932-736x1024.jpg\" alt=\"\" class=\"wp-image-1570\" srcset=\"https:\/\/valenciarepublicana.dival.es\/wp-content\/uploads\/2023\/06\/Visita-a-Valencia-del-presidente-de-la-Republica_Pl_Emilio-Castelar_Ahora-7-abril_1932-736x1024.jpg 736w, https:\/\/valenciarepublicana.dival.es\/wp-content\/uploads\/2023\/06\/Visita-a-Valencia-del-presidente-de-la-Republica_Pl_Emilio-Castelar_Ahora-7-abril_1932-216x300.jpg 216w, https:\/\/valenciarepublicana.dival.es\/wp-content\/uploads\/2023\/06\/Visita-a-Valencia-del-presidente-de-la-Republica_Pl_Emilio-Castelar_Ahora-7-abril_1932-768x1068.jpg 768w, https:\/\/valenciarepublicana.dival.es\/wp-content\/uploads\/2023\/06\/Visita-a-Valencia-del-presidente-de-la-Republica_Pl_Emilio-Castelar_Ahora-7-abril_1932.jpg 863w\" sizes=\"(max-width: 736px) 100vw, 736px\" \/><\/a><\/figure>\n<\/figure>\n\n\n\n<div style=\"height:20px\" aria-hidden=\"true\" class=\"wp-block-spacer\"><\/div>\n\n\n\n<div class=\"wp-block-media-text alignwide is-stacked-on-mobile\" style=\"grid-template-columns:31% auto\"><figure class=\"wp-block-media-text__media\"><img loading=\"lazy\" decoding=\"async\" width=\"704\" height=\"1024\" src=\"https:\/\/valenciarepublicana.dival.es\/wp-content\/uploads\/2023\/06\/Captura-de-pantalla-2023-05-31-a-las-23.59.08-704x1024.png\" alt=\"\" class=\"wp-image-1586 size-full\" srcset=\"https:\/\/valenciarepublicana.dival.es\/wp-content\/uploads\/2023\/06\/Captura-de-pantalla-2023-05-31-a-las-23.59.08-704x1024.png 704w, https:\/\/valenciarepublicana.dival.es\/wp-content\/uploads\/2023\/06\/Captura-de-pantalla-2023-05-31-a-las-23.59.08-206x300.png 206w, https:\/\/valenciarepublicana.dival.es\/wp-content\/uploads\/2023\/06\/Captura-de-pantalla-2023-05-31-a-las-23.59.08-768x1116.png 768w, https:\/\/valenciarepublicana.dival.es\/wp-content\/uploads\/2023\/06\/Captura-de-pantalla-2023-05-31-a-las-23.59.08-1057x1536.png 1057w, https:\/\/valenciarepublicana.dival.es\/wp-content\/uploads\/2023\/06\/Captura-de-pantalla-2023-05-31-a-las-23.59.08.png 1340w\" sizes=\"(max-width: 704px) 100vw, 704px\" \/><\/figure><div class=\"wp-block-media-text__content\">\n<h3 class=\"wp-block-heading\">Trabajadoras y republicanas. Mujeres y trabajo durante la Segunda Rep\u00fablica y la Guerra Civil en Valencia<\/h3>\n\n\n\n<p>Ana Aguado Hig\u00f3n y Luz Sanfeliu<\/p>\n\n\n\n<p><\/p>\n\n\n\n<div class=\"wp-block-buttons is-layout-flex wp-block-buttons-is-layout-flex\">\n<div class=\"wp-block-button\"><a class=\"wp-block-button__link wp-element-button\" href=\"https:\/\/valenciarepublicana.dival.es\/wp-content\/uploads\/2023\/05\/Trabajadoras-y-Republica-en-Valencia.pdf\" target=\"_blank\" rel=\"noreferrer noopener\">Descargar<\/a><\/div>\n<\/div>\n<\/div><\/div>\n","protected":false},"excerpt":{"rendered":"<p>La ciudad de Val\u00e8ncia en los a\u00f1os treinta vive un importante crecimiento urbano, el nuevo contexto modernizador laico y regeneracionista de la II Rep\u00fablica ayudar\u00e1 tanto al desarrollo de una cultura de masas que se manifestar\u00e1 en acontecimientos deportivos, en los espect\u00e1culos multitudinarios y en las expresiones de calle colectivas, como el incremento y evoluci\u00f3n [&hellip;]<\/p>\n","protected":false},"author":1,"featured_media":0,"parent":0,"menu_order":0,"comment_status":"closed","ping_status":"closed","template":"","meta":{"footnotes":""},"class_list":["post-1591","page","type-page","status-publish","hentry"],"_links":{"self":[{"href":"https:\/\/valenciarepublicana.dival.es\/es\/wp-json\/wp\/v2\/pages\/1591","targetHints":{"allow":["GET"]}}],"collection":[{"href":"https:\/\/valenciarepublicana.dival.es\/es\/wp-json\/wp\/v2\/pages"}],"about":[{"href":"https:\/\/valenciarepublicana.dival.es\/es\/wp-json\/wp\/v2\/types\/page"}],"author":[{"embeddable":true,"href":"https:\/\/valenciarepublicana.dival.es\/es\/wp-json\/wp\/v2\/users\/1"}],"replies":[{"embeddable":true,"href":"https:\/\/valenciarepublicana.dival.es\/es\/wp-json\/wp\/v2\/comments?post=1591"}],"version-history":[{"count":3,"href":"https:\/\/valenciarepublicana.dival.es\/es\/wp-json\/wp\/v2\/pages\/1591\/revisions"}],"predecessor-version":[{"id":1596,"href":"https:\/\/valenciarepublicana.dival.es\/es\/wp-json\/wp\/v2\/pages\/1591\/revisions\/1596"}],"wp:attachment":[{"href":"https:\/\/valenciarepublicana.dival.es\/es\/wp-json\/wp\/v2\/media?parent=1591"}],"curies":[{"name":"wp","href":"https:\/\/api.w.org\/{rel}","templated":true}]}}