{"id":1468,"date":"2022-12-12T09:51:13","date_gmt":"2022-12-12T08:51:13","guid":{"rendered":"https:\/\/valenciarepublicana.dival.es\/guies-de-la-ciutat\/"},"modified":"2023-05-31T23:33:50","modified_gmt":"2023-05-31T21:33:50","slug":"guies-de-la-ciutat","status":"publish","type":"page","link":"https:\/\/valenciarepublicana.dival.es\/es\/guies-de-la-ciutat\/","title":{"rendered":"Gu\u00edas de la ciudad"},"content":{"rendered":"\n<p>Durante el periodo republicano se publicaron, como en la etapa anterior, gu\u00edas, mapas y almanaques de la ciudad. Entre todas estas publicaciones destaca la Gu\u00eda Popular de 1937 realizada cuando Val\u00e8ncia se convirti\u00f3 en capital de la Rep\u00fablica. En esta Gu\u00eda se informa de los cambios de nombre de multitud de calles (en el listado alfab\u00e9tico se incluyen los nombres anteriores y los nuevos) y tambi\u00e9n aparecen las nuevas instituciones (ministerios, sedes de partidos y otros organismos) que se establecieron en la ciudad. A la Gu\u00eda de 1937 le acompa\u00f1a un mapa de la ciudad y los datos de hoteles, bares, restaurantes, instalaciones deportivas y de ocio. Result\u00f3 muy \u00fatil para todas las personas evacuadas o refugiadas que se instalaron en Val\u00e8ncia huyendo de los frentes de guerra y de las zonas ocupadas por el ej\u00e9rcito franquista. Tambi\u00e9n, hoy en d\u00eda, permite conocer algunos aspectos de la ciudad olvidados en los libros de historia.<\/p>\n\n\n\n<div style=\"height:50px\" aria-hidden=\"true\" class=\"wp-block-spacer\"><\/div>\n\n\n\n<div class=\"wp-block-media-text alignwide is-stacked-on-mobile\" style=\"grid-template-columns:25% auto\"><figure class=\"wp-block-media-text__media\"><img fetchpriority=\"high\" decoding=\"async\" width=\"632\" height=\"1024\" src=\"https:\/\/valenciarepublicana.dival.es\/wp-content\/uploads\/2023\/05\/Captura-de-pantalla-2023-05-31-a-las-23.21.46-632x1024.png\" alt=\"\" class=\"wp-image-1457 size-full\" srcset=\"https:\/\/valenciarepublicana.dival.es\/wp-content\/uploads\/2023\/05\/Captura-de-pantalla-2023-05-31-a-las-23.21.46-632x1024.png 632w, https:\/\/valenciarepublicana.dival.es\/wp-content\/uploads\/2023\/05\/Captura-de-pantalla-2023-05-31-a-las-23.21.46-185x300.png 185w, https:\/\/valenciarepublicana.dival.es\/wp-content\/uploads\/2023\/05\/Captura-de-pantalla-2023-05-31-a-las-23.21.46-768x1245.png 768w, https:\/\/valenciarepublicana.dival.es\/wp-content\/uploads\/2023\/05\/Captura-de-pantalla-2023-05-31-a-las-23.21.46-948x1536.png 948w, https:\/\/valenciarepublicana.dival.es\/wp-content\/uploads\/2023\/05\/Captura-de-pantalla-2023-05-31-a-las-23.21.46.png 1208w\" sizes=\"(max-width: 632px) 100vw, 632px\" \/><\/figure><div class=\"wp-block-media-text__content\">\n<h3 class=\"wp-block-heading\">Directorio Valenciano <\/h3>\n\n\n\n<p>Apellidos<\/p>\n\n\n\n<p><\/p>\n\n\n\n<div class=\"wp-block-buttons is-layout-flex wp-block-buttons-is-layout-flex\">\n<div class=\"wp-block-button\"><a class=\"wp-block-button__link wp-element-button\" href=\"https:\/\/valenciarepublicana.dival.es\/wp-content\/uploads\/2023\/05\/1931-apellidos.pdf\" target=\"_blank\" rel=\"noreferrer noopener\">Descargar<\/a><\/div>\n<\/div>\n<\/div><\/div>\n\n\n\n<div style=\"height:20px\" aria-hidden=\"true\" class=\"wp-block-spacer\"><\/div>\n\n\n\n<div class=\"wp-block-media-text alignwide is-stacked-on-mobile\" style=\"grid-template-columns:25% auto\"><figure class=\"wp-block-media-text__media\"><img decoding=\"async\" width=\"635\" height=\"1024\" src=\"https:\/\/valenciarepublicana.dival.es\/wp-content\/uploads\/2023\/05\/Captura-de-pantalla-2023-05-31-a-las-23.22.00-635x1024.png\" alt=\"\" class=\"wp-image-1459 size-full\" srcset=\"https:\/\/valenciarepublicana.dival.es\/wp-content\/uploads\/2023\/05\/Captura-de-pantalla-2023-05-31-a-las-23.22.00-635x1024.png 635w, https:\/\/valenciarepublicana.dival.es\/wp-content\/uploads\/2023\/05\/Captura-de-pantalla-2023-05-31-a-las-23.22.00-186x300.png 186w, https:\/\/valenciarepublicana.dival.es\/wp-content\/uploads\/2023\/05\/Captura-de-pantalla-2023-05-31-a-las-23.22.00-768x1239.png 768w, https:\/\/valenciarepublicana.dival.es\/wp-content\/uploads\/2023\/05\/Captura-de-pantalla-2023-05-31-a-las-23.22.00-952x1536.png 952w, https:\/\/valenciarepublicana.dival.es\/wp-content\/uploads\/2023\/05\/Captura-de-pantalla-2023-05-31-a-las-23.22.00.png 1214w\" sizes=\"(max-width: 635px) 100vw, 635px\" \/><\/figure><div class=\"wp-block-media-text__content\">\n<h3 class=\"wp-block-heading\">Directorio Valenciano<\/h3>\n\n\n\n<p>Calles<\/p>\n\n\n\n<p><\/p>\n\n\n\n<div class=\"wp-block-buttons is-layout-flex wp-block-buttons-is-layout-flex\">\n<div class=\"wp-block-button\"><a class=\"wp-block-button__link wp-element-button\" href=\"https:\/\/valenciarepublicana.dival.es\/wp-content\/uploads\/2023\/05\/1931-calles.pdf\" target=\"_blank\" rel=\"noreferrer noopener\">Descargar<\/a><\/div>\n<\/div>\n<\/div><\/div>\n\n\n\n<div style=\"height:20px\" aria-hidden=\"true\" class=\"wp-block-spacer\"><\/div>\n\n\n\n<div class=\"wp-block-media-text alignwide is-stacked-on-mobile\" style=\"grid-template-columns:25% auto\"><figure class=\"wp-block-media-text__media\"><img decoding=\"async\" width=\"622\" height=\"1024\" src=\"https:\/\/valenciarepublicana.dival.es\/wp-content\/uploads\/2023\/05\/Captura-de-pantalla-2023-05-31-a-las-23.22.09-622x1024.png\" alt=\"\" class=\"wp-image-1461 size-full\" srcset=\"https:\/\/valenciarepublicana.dival.es\/wp-content\/uploads\/2023\/05\/Captura-de-pantalla-2023-05-31-a-las-23.22.09-622x1024.png 622w, https:\/\/valenciarepublicana.dival.es\/wp-content\/uploads\/2023\/05\/Captura-de-pantalla-2023-05-31-a-las-23.22.09-182x300.png 182w, https:\/\/valenciarepublicana.dival.es\/wp-content\/uploads\/2023\/05\/Captura-de-pantalla-2023-05-31-a-las-23.22.09-768x1265.png 768w, https:\/\/valenciarepublicana.dival.es\/wp-content\/uploads\/2023\/05\/Captura-de-pantalla-2023-05-31-a-las-23.22.09-933x1536.png 933w, https:\/\/valenciarepublicana.dival.es\/wp-content\/uploads\/2023\/05\/Captura-de-pantalla-2023-05-31-a-las-23.22.09.png 1190w\" sizes=\"(max-width: 622px) 100vw, 622px\" \/><\/figure><div class=\"wp-block-media-text__content\">\n<h3 class=\"wp-block-heading\">Directorio Valenciano<\/h3>\n\n\n\n<p>Profesiones<\/p>\n\n\n\n<p><\/p>\n\n\n\n<div class=\"wp-block-buttons is-layout-flex wp-block-buttons-is-layout-flex\">\n<div class=\"wp-block-button\"><a class=\"wp-block-button__link wp-element-button\" href=\"https:\/\/valenciarepublicana.dival.es\/wp-content\/uploads\/2023\/05\/1931-profesiones.pdf\" target=\"_blank\" rel=\"noreferrer noopener\">Descargar<\/a><\/div>\n<\/div>\n<\/div><\/div>\n\n\n\n<div style=\"height:20px\" aria-hidden=\"true\" class=\"wp-block-spacer\"><\/div>\n\n\n\n<div class=\"wp-block-media-text alignwide is-stacked-on-mobile\" style=\"grid-template-columns:25% auto\"><figure class=\"wp-block-media-text__media\"><img loading=\"lazy\" decoding=\"async\" width=\"1024\" height=\"695\" src=\"https:\/\/valenciarepublicana.dival.es\/wp-content\/uploads\/2023\/05\/Captura-de-pantalla-2023-05-31-a-las-23.23.02-1024x695.png\" alt=\"\" class=\"wp-image-1463 size-full\" srcset=\"https:\/\/valenciarepublicana.dival.es\/wp-content\/uploads\/2023\/05\/Captura-de-pantalla-2023-05-31-a-las-23.23.02-1024x695.png 1024w, https:\/\/valenciarepublicana.dival.es\/wp-content\/uploads\/2023\/05\/Captura-de-pantalla-2023-05-31-a-las-23.23.02-300x204.png 300w, https:\/\/valenciarepublicana.dival.es\/wp-content\/uploads\/2023\/05\/Captura-de-pantalla-2023-05-31-a-las-23.23.02-768x521.png 768w, https:\/\/valenciarepublicana.dival.es\/wp-content\/uploads\/2023\/05\/Captura-de-pantalla-2023-05-31-a-las-23.23.02-1536x1042.png 1536w, https:\/\/valenciarepublicana.dival.es\/wp-content\/uploads\/2023\/05\/Captura-de-pantalla-2023-05-31-a-las-23.23.02-2048x1390.png 2048w\" sizes=\"(max-width: 1024px) 100vw, 1024px\" \/><\/figure><div class=\"wp-block-media-text__content\">\n<h3 class=\"wp-block-heading\">Gu\u00eda Popular de Valencia<\/h3>\n\n\n\n<p>1937-1938<\/p>\n\n\n\n<p><\/p>\n\n\n\n<div class=\"wp-block-buttons is-layout-flex wp-block-buttons-is-layout-flex\">\n<div class=\"wp-block-button\"><a class=\"wp-block-button__link wp-element-button\" href=\"https:\/\/valenciarepublicana.dival.es\/wp-content\/uploads\/2023\/05\/GUIA-POPULAR-VALENCIA-1937-1.pdf\" target=\"_blank\" rel=\"noreferrer noopener\">Descargar<\/a><\/div>\n<\/div>\n<\/div><\/div>\n\n\n\n<div style=\"height:20px\" aria-hidden=\"true\" class=\"wp-block-spacer\"><\/div>\n\n\n\n<div class=\"wp-block-media-text alignwide is-stacked-on-mobile\" style=\"grid-template-columns:25% auto\"><figure class=\"wp-block-media-text__media\"><img loading=\"lazy\" decoding=\"async\" width=\"759\" height=\"1024\" src=\"https:\/\/valenciarepublicana.dival.es\/wp-content\/uploads\/2023\/05\/Captura-de-pantalla-2023-05-31-a-las-23.23.19-759x1024.png\" alt=\"\" class=\"wp-image-1465 size-full\" srcset=\"https:\/\/valenciarepublicana.dival.es\/wp-content\/uploads\/2023\/05\/Captura-de-pantalla-2023-05-31-a-las-23.23.19-759x1024.png 759w, https:\/\/valenciarepublicana.dival.es\/wp-content\/uploads\/2023\/05\/Captura-de-pantalla-2023-05-31-a-las-23.23.19-222x300.png 222w, https:\/\/valenciarepublicana.dival.es\/wp-content\/uploads\/2023\/05\/Captura-de-pantalla-2023-05-31-a-las-23.23.19-768x1036.png 768w, https:\/\/valenciarepublicana.dival.es\/wp-content\/uploads\/2023\/05\/Captura-de-pantalla-2023-05-31-a-las-23.23.19-1138x1536.png 1138w, https:\/\/valenciarepublicana.dival.es\/wp-content\/uploads\/2023\/05\/Captura-de-pantalla-2023-05-31-a-las-23.23.19.png 1288w\" sizes=\"(max-width: 759px) 100vw, 759px\" \/><\/figure><div class=\"wp-block-media-text__content\">\n<h3 class=\"wp-block-heading\">Lista de abonados al tel\u00e9fono<\/h3>\n\n\n\n<p>Marzo 1932<\/p>\n\n\n\n<p><\/p>\n\n\n\n<div class=\"wp-block-buttons is-layout-flex wp-block-buttons-is-layout-flex\">\n<div class=\"wp-block-button\"><a class=\"wp-block-button__link wp-element-button\" href=\"https:\/\/valenciarepublicana.dival.es\/wp-content\/uploads\/2023\/05\/Guia-Telefonos-Valencia-1932-E-H.pdf\" target=\"_blank\" rel=\"noreferrer noopener\">Descargar<\/a><\/div>\n<\/div>\n<\/div><\/div>\n","protected":false},"excerpt":{"rendered":"<p>Durante el periodo republicano se publicaron, como en la etapa anterior, gu\u00edas, mapas y almanaques de la ciudad. Entre todas estas publicaciones destaca la Gu\u00eda Popular de 1937 realizada cuando Val\u00e8ncia se convirti\u00f3 en capital de la Rep\u00fablica. En esta Gu\u00eda se informa de los cambios de nombre de multitud de calles (en el listado [&hellip;]<\/p>\n","protected":false},"author":1,"featured_media":0,"parent":0,"menu_order":0,"comment_status":"closed","ping_status":"closed","template":"","meta":{"footnotes":""},"class_list":["post-1468","page","type-page","status-publish","hentry"],"_links":{"self":[{"href":"https:\/\/valenciarepublicana.dival.es\/es\/wp-json\/wp\/v2\/pages\/1468","targetHints":{"allow":["GET"]}}],"collection":[{"href":"https:\/\/valenciarepublicana.dival.es\/es\/wp-json\/wp\/v2\/pages"}],"about":[{"href":"https:\/\/valenciarepublicana.dival.es\/es\/wp-json\/wp\/v2\/types\/page"}],"author":[{"embeddable":true,"href":"https:\/\/valenciarepublicana.dival.es\/es\/wp-json\/wp\/v2\/users\/1"}],"replies":[{"embeddable":true,"href":"https:\/\/valenciarepublicana.dival.es\/es\/wp-json\/wp\/v2\/comments?post=1468"}],"version-history":[{"count":2,"href":"https:\/\/valenciarepublicana.dival.es\/es\/wp-json\/wp\/v2\/pages\/1468\/revisions"}],"predecessor-version":[{"id":1471,"href":"https:\/\/valenciarepublicana.dival.es\/es\/wp-json\/wp\/v2\/pages\/1468\/revisions\/1471"}],"wp:attachment":[{"href":"https:\/\/valenciarepublicana.dival.es\/es\/wp-json\/wp\/v2\/media?parent=1468"}],"curies":[{"name":"wp","href":"https:\/\/api.w.org\/{rel}","templated":true}]}}