{"id":1443,"date":"2022-12-12T09:49:38","date_gmt":"2022-12-12T08:49:38","guid":{"rendered":"https:\/\/valenciarepublicana.dival.es\/educacio\/"},"modified":"2023-05-31T23:19:45","modified_gmt":"2023-05-31T21:19:45","slug":"educacio","status":"publish","type":"page","link":"https:\/\/valenciarepublicana.dival.es\/es\/educacio\/","title":{"rendered":"Educaci\u00f3n"},"content":{"rendered":"\n<p>Extender la educaci\u00f3n a la sociedad, construir el Estado docente, defensa de la Rep\u00fablica, fue uno de los principales objetivos que se plantearon aquellos hombres y mujeres, miembros de la \u201cRep\u00fablica de intelectuales\u201d orteguiana. C\u00f3mo toda construcci\u00f3n, el trabajo se empez\u00f3 por los cimientos, en este caso, por la ense\u00f1anza b\u00e1sica: la escuela. Antes incluso que la Constituci\u00f3n de 1931 consagrara en sus art\u00edculos, especialmente en el 48, las caracter\u00edsticas de la nueva escuela republicana pueden resumirse en un lema: \u201cM\u00e1s escuelas y mejores maestros\u201d. Se trataba, pues, de dise\u00f1ar un plan global y coherente que relacionara la reforma escolar con la formaci\u00f3n del magisterio.<\/p>\n\n\n\n<p><br>Escuelas y maestros comprometidos en una educaci\u00f3n p\u00fablica, gratuita, laica, activa, organizada seg\u00fan el modelo de la Escuela Unificada, que hac\u00eda del trabajo el eje de su formaci\u00f3n, que permit\u00eda la ense\u00f1anza en la lengua materna, y que educaba en y para la solidaridad. No son, ciertamente, originales de la II Rep\u00fablica estos presupuestos porque proceden de la Instituci\u00f3n Libre de Ense\u00f1anza, de la Escuela Moderna, del socialismo, del nacionalismo, pero s\u00ed que lo es la s\u00edntesis realizada y, sobre todo, el proyecto dise\u00f1ado para hacerlos realidad, que se completar\u00e1 con la creaci\u00f3n de institutos p\u00fablicos, acercando el bachillerato a sectores de la sociedad tradicionalmente apartados de este por su car\u00e1cter elitista; y con una universidad d\u00f3nde, por fin, la libertad de c\u00e1tedra ser\u00e1 realidad, configurando un espacio de ense\u00f1anza superior cient\u00edfica y no dogm\u00e1tico.<\/p>\n\n\n\n<div style=\"height:20px\" aria-hidden=\"true\" class=\"wp-block-spacer\"><\/div>\n\n\n\n<figure class=\"wp-block-gallery has-nested-images columns-4 is-cropped wp-block-gallery-1 is-layout-flex wp-block-gallery-is-layout-flex\">\n<figure class=\"wp-block-image size-large\"><a href=\"https:\/\/valenciarepublicana.dival.es\/wp-content\/uploads\/2023\/05\/El-Instituto-Escuela-instalado-en-el-Colegio-de-los-Jesuitas-1.jpg\"><img fetchpriority=\"high\" decoding=\"async\" width=\"1024\" height=\"697\" data-id=\"1328\" src=\"https:\/\/valenciarepublicana.dival.es\/wp-content\/uploads\/2023\/05\/El-Instituto-Escuela-instalado-en-el-Colegio-de-los-Jesuitas-1-1024x697.jpg\" alt=\"\" class=\"wp-image-1328\" srcset=\"https:\/\/valenciarepublicana.dival.es\/wp-content\/uploads\/2023\/05\/El-Instituto-Escuela-instalado-en-el-Colegio-de-los-Jesuitas-1-1024x697.jpg 1024w, https:\/\/valenciarepublicana.dival.es\/wp-content\/uploads\/2023\/05\/El-Instituto-Escuela-instalado-en-el-Colegio-de-los-Jesuitas-1-300x204.jpg 300w, https:\/\/valenciarepublicana.dival.es\/wp-content\/uploads\/2023\/05\/El-Instituto-Escuela-instalado-en-el-Colegio-de-los-Jesuitas-1-768x523.jpg 768w, https:\/\/valenciarepublicana.dival.es\/wp-content\/uploads\/2023\/05\/El-Instituto-Escuela-instalado-en-el-Colegio-de-los-Jesuitas-1.jpg 1200w\" sizes=\"(max-width: 1024px) 100vw, 1024px\" \/><\/a><\/figure>\n\n\n\n<figure class=\"wp-block-image size-large\"><a href=\"https:\/\/valenciarepublicana.dival.es\/wp-content\/uploads\/2023\/05\/En-el-Instituto-Obrero-instalado-en-el-Colegio-de-los-Jesuitas-1937.jpg\"><img decoding=\"async\" width=\"900\" height=\"580\" data-id=\"1306\" src=\"https:\/\/valenciarepublicana.dival.es\/wp-content\/uploads\/2023\/05\/En-el-Instituto-Obrero-instalado-en-el-Colegio-de-los-Jesuitas-1937.jpg\" alt=\"\" class=\"wp-image-1306\" srcset=\"https:\/\/valenciarepublicana.dival.es\/wp-content\/uploads\/2023\/05\/En-el-Instituto-Obrero-instalado-en-el-Colegio-de-los-Jesuitas-1937.jpg 900w, https:\/\/valenciarepublicana.dival.es\/wp-content\/uploads\/2023\/05\/En-el-Instituto-Obrero-instalado-en-el-Colegio-de-los-Jesuitas-1937-300x193.jpg 300w, https:\/\/valenciarepublicana.dival.es\/wp-content\/uploads\/2023\/05\/En-el-Instituto-Obrero-instalado-en-el-Colegio-de-los-Jesuitas-1937-768x495.jpg 768w\" sizes=\"(max-width: 900px) 100vw, 900px\" \/><\/a><\/figure>\n\n\n\n<figure class=\"wp-block-image size-large\"><a href=\"https:\/\/valenciarepublicana.dival.es\/wp-content\/uploads\/2023\/05\/En-el-Instituto-Obrero_-1937.jpg\"><img decoding=\"async\" width=\"768\" height=\"1024\" data-id=\"1316\" src=\"https:\/\/valenciarepublicana.dival.es\/wp-content\/uploads\/2023\/05\/En-el-Instituto-Obrero_-1937-768x1024.jpg\" alt=\"\" class=\"wp-image-1316\" srcset=\"https:\/\/valenciarepublicana.dival.es\/wp-content\/uploads\/2023\/05\/En-el-Instituto-Obrero_-1937-768x1024.jpg 768w, https:\/\/valenciarepublicana.dival.es\/wp-content\/uploads\/2023\/05\/En-el-Instituto-Obrero_-1937-225x300.jpg 225w, https:\/\/valenciarepublicana.dival.es\/wp-content\/uploads\/2023\/05\/En-el-Instituto-Obrero_-1937.jpg 900w\" sizes=\"(max-width: 768px) 100vw, 768px\" \/><\/a><\/figure>\n\n\n\n<figure class=\"wp-block-image size-large\"><a href=\"https:\/\/valenciarepublicana.dival.es\/wp-content\/uploads\/2023\/05\/En-el-Instituto-Obrero_Jugando-a-Basquet.jpg\"><img loading=\"lazy\" decoding=\"async\" width=\"691\" height=\"1024\" data-id=\"1318\" src=\"https:\/\/valenciarepublicana.dival.es\/wp-content\/uploads\/2023\/05\/En-el-Instituto-Obrero_Jugando-a-Basquet-691x1024.jpg\" alt=\"\" class=\"wp-image-1318\" srcset=\"https:\/\/valenciarepublicana.dival.es\/wp-content\/uploads\/2023\/05\/En-el-Instituto-Obrero_Jugando-a-Basquet-691x1024.jpg 691w, https:\/\/valenciarepublicana.dival.es\/wp-content\/uploads\/2023\/05\/En-el-Instituto-Obrero_Jugando-a-Basquet-203x300.jpg 203w, https:\/\/valenciarepublicana.dival.es\/wp-content\/uploads\/2023\/05\/En-el-Instituto-Obrero_Jugando-a-Basquet-768x1138.jpg 768w, https:\/\/valenciarepublicana.dival.es\/wp-content\/uploads\/2023\/05\/En-el-Instituto-Obrero_Jugando-a-Basquet.jpg 810w\" sizes=\"(max-width: 691px) 100vw, 691px\" \/><\/a><\/figure>\n\n\n\n<figure class=\"wp-block-image size-large\"><a href=\"https:\/\/valenciarepublicana.dival.es\/wp-content\/uploads\/2023\/05\/Escuela-para-hijos-de-combatientes-en-Beneficencia.jpg\"><img loading=\"lazy\" decoding=\"async\" width=\"1024\" height=\"798\" data-id=\"1300\" src=\"https:\/\/valenciarepublicana.dival.es\/wp-content\/uploads\/2023\/05\/Escuela-para-hijos-de-combatientes-en-Beneficencia-1024x798.jpg\" alt=\"\" class=\"wp-image-1300\" srcset=\"https:\/\/valenciarepublicana.dival.es\/wp-content\/uploads\/2023\/05\/Escuela-para-hijos-de-combatientes-en-Beneficencia-1024x798.jpg 1024w, https:\/\/valenciarepublicana.dival.es\/wp-content\/uploads\/2023\/05\/Escuela-para-hijos-de-combatientes-en-Beneficencia-300x234.jpg 300w, https:\/\/valenciarepublicana.dival.es\/wp-content\/uploads\/2023\/05\/Escuela-para-hijos-de-combatientes-en-Beneficencia-768x598.jpg 768w, https:\/\/valenciarepublicana.dival.es\/wp-content\/uploads\/2023\/05\/Escuela-para-hijos-de-combatientes-en-Beneficencia.jpg 1200w\" sizes=\"(max-width: 1024px) 100vw, 1024px\" \/><\/a><\/figure>\n\n\n\n<figure class=\"wp-block-image size-large\"><a href=\"https:\/\/valenciarepublicana.dival.es\/wp-content\/uploads\/2023\/05\/Escuela-Lina-Odena_-Estampa_abrl-de-1937.jpg\"><img loading=\"lazy\" decoding=\"async\" width=\"783\" height=\"1024\" data-id=\"1309\" src=\"https:\/\/valenciarepublicana.dival.es\/wp-content\/uploads\/2023\/05\/Escuela-Lina-Odena_-Estampa_abrl-de-1937-783x1024.jpg\" alt=\"\" class=\"wp-image-1309\" srcset=\"https:\/\/valenciarepublicana.dival.es\/wp-content\/uploads\/2023\/05\/Escuela-Lina-Odena_-Estampa_abrl-de-1937-783x1024.jpg 783w, https:\/\/valenciarepublicana.dival.es\/wp-content\/uploads\/2023\/05\/Escuela-Lina-Odena_-Estampa_abrl-de-1937-229x300.jpg 229w, https:\/\/valenciarepublicana.dival.es\/wp-content\/uploads\/2023\/05\/Escuela-Lina-Odena_-Estampa_abrl-de-1937-768x1005.jpg 768w, https:\/\/valenciarepublicana.dival.es\/wp-content\/uploads\/2023\/05\/Escuela-Lina-Odena_-Estampa_abrl-de-1937.jpg 917w\" sizes=\"(max-width: 783px) 100vw, 783px\" \/><\/a><\/figure>\n\n\n\n<figure class=\"wp-block-image size-large\"><a href=\"https:\/\/valenciarepublicana.dival.es\/wp-content\/uploads\/2023\/05\/Escuela-Lina-Odena-Estampa-2.jpg\"><img loading=\"lazy\" decoding=\"async\" width=\"776\" height=\"1024\" data-id=\"1303\" src=\"https:\/\/valenciarepublicana.dival.es\/wp-content\/uploads\/2023\/05\/Escuela-Lina-Odena-Estampa-2-776x1024.jpg\" alt=\"\" class=\"wp-image-1303\" srcset=\"https:\/\/valenciarepublicana.dival.es\/wp-content\/uploads\/2023\/05\/Escuela-Lina-Odena-Estampa-2-776x1024.jpg 776w, https:\/\/valenciarepublicana.dival.es\/wp-content\/uploads\/2023\/05\/Escuela-Lina-Odena-Estampa-2-227x300.jpg 227w, https:\/\/valenciarepublicana.dival.es\/wp-content\/uploads\/2023\/05\/Escuela-Lina-Odena-Estampa-2-768x1014.jpg 768w, https:\/\/valenciarepublicana.dival.es\/wp-content\/uploads\/2023\/05\/Escuela-Lina-Odena-Estampa-2.jpg 909w\" sizes=\"(max-width: 776px) 100vw, 776px\" \/><\/a><\/figure>\n\n\n\n<figure class=\"wp-block-image size-large\"><a href=\"https:\/\/valenciarepublicana.dival.es\/wp-content\/uploads\/2023\/05\/Escuela-Lina-Odena_14_feb_37_.jpg\"><img loading=\"lazy\" decoding=\"async\" width=\"780\" height=\"1024\" data-id=\"1308\" src=\"https:\/\/valenciarepublicana.dival.es\/wp-content\/uploads\/2023\/05\/Escuela-Lina-Odena_14_feb_37_-780x1024.jpg\" alt=\"\" class=\"wp-image-1308\" srcset=\"https:\/\/valenciarepublicana.dival.es\/wp-content\/uploads\/2023\/05\/Escuela-Lina-Odena_14_feb_37_-780x1024.jpg 780w, https:\/\/valenciarepublicana.dival.es\/wp-content\/uploads\/2023\/05\/Escuela-Lina-Odena_14_feb_37_-229x300.jpg 229w, https:\/\/valenciarepublicana.dival.es\/wp-content\/uploads\/2023\/05\/Escuela-Lina-Odena_14_feb_37_-768x1008.jpg 768w, https:\/\/valenciarepublicana.dival.es\/wp-content\/uploads\/2023\/05\/Escuela-Lina-Odena_14_feb_37_.jpg 914w\" sizes=\"(max-width: 780px) 100vw, 780px\" \/><\/a><\/figure>\n\n\n\n<figure class=\"wp-block-image size-large\"><a href=\"https:\/\/valenciarepublicana.dival.es\/wp-content\/uploads\/2023\/05\/Incendio-en-la-Universidad_1_Semana_Grafica_mayo-1932.jpg\"><img loading=\"lazy\" decoding=\"async\" width=\"688\" height=\"1024\" data-id=\"1302\" src=\"https:\/\/valenciarepublicana.dival.es\/wp-content\/uploads\/2023\/05\/Incendio-en-la-Universidad_1_Semana_Grafica_mayo-1932-688x1024.jpg\" alt=\"\" class=\"wp-image-1302\" srcset=\"https:\/\/valenciarepublicana.dival.es\/wp-content\/uploads\/2023\/05\/Incendio-en-la-Universidad_1_Semana_Grafica_mayo-1932-688x1024.jpg 688w, https:\/\/valenciarepublicana.dival.es\/wp-content\/uploads\/2023\/05\/Incendio-en-la-Universidad_1_Semana_Grafica_mayo-1932-202x300.jpg 202w, https:\/\/valenciarepublicana.dival.es\/wp-content\/uploads\/2023\/05\/Incendio-en-la-Universidad_1_Semana_Grafica_mayo-1932-768x1143.jpg 768w, https:\/\/valenciarepublicana.dival.es\/wp-content\/uploads\/2023\/05\/Incendio-en-la-Universidad_1_Semana_Grafica_mayo-1932.jpg 806w\" sizes=\"(max-width: 688px) 100vw, 688px\" \/><\/a><\/figure>\n\n\n\n<figure class=\"wp-block-image size-large\"><a href=\"https:\/\/valenciarepublicana.dival.es\/wp-content\/uploads\/2023\/05\/Incendio-en-la-Universidad_2_Semana_Grafica_mayo-1932.jpg\"><img loading=\"lazy\" decoding=\"async\" width=\"680\" height=\"1024\" data-id=\"1314\" src=\"https:\/\/valenciarepublicana.dival.es\/wp-content\/uploads\/2023\/05\/Incendio-en-la-Universidad_2_Semana_Grafica_mayo-1932-680x1024.jpg\" alt=\"\" class=\"wp-image-1314\" srcset=\"https:\/\/valenciarepublicana.dival.es\/wp-content\/uploads\/2023\/05\/Incendio-en-la-Universidad_2_Semana_Grafica_mayo-1932-680x1024.jpg 680w, https:\/\/valenciarepublicana.dival.es\/wp-content\/uploads\/2023\/05\/Incendio-en-la-Universidad_2_Semana_Grafica_mayo-1932-199x300.jpg 199w, https:\/\/valenciarepublicana.dival.es\/wp-content\/uploads\/2023\/05\/Incendio-en-la-Universidad_2_Semana_Grafica_mayo-1932-768x1156.jpg 768w, https:\/\/valenciarepublicana.dival.es\/wp-content\/uploads\/2023\/05\/Incendio-en-la-Universidad_2_Semana_Grafica_mayo-1932.jpg 797w\" sizes=\"(max-width: 680px) 100vw, 680px\" \/><\/a><\/figure>\n\n\n\n<figure class=\"wp-block-image size-large\"><a href=\"https:\/\/valenciarepublicana.dival.es\/wp-content\/uploads\/2023\/05\/Logo-de-centro-de-Asistencia-Social-Maestro-Ripoll.jpg\"><img loading=\"lazy\" decoding=\"async\" width=\"987\" height=\"1024\" data-id=\"1320\" src=\"https:\/\/valenciarepublicana.dival.es\/wp-content\/uploads\/2023\/05\/Logo-de-centro-de-Asistencia-Social-Maestro-Ripoll-987x1024.jpg\" alt=\"\" class=\"wp-image-1320\" srcset=\"https:\/\/valenciarepublicana.dival.es\/wp-content\/uploads\/2023\/05\/Logo-de-centro-de-Asistencia-Social-Maestro-Ripoll-987x1024.jpg 987w, https:\/\/valenciarepublicana.dival.es\/wp-content\/uploads\/2023\/05\/Logo-de-centro-de-Asistencia-Social-Maestro-Ripoll-289x300.jpg 289w, https:\/\/valenciarepublicana.dival.es\/wp-content\/uploads\/2023\/05\/Logo-de-centro-de-Asistencia-Social-Maestro-Ripoll-768x797.jpg 768w, https:\/\/valenciarepublicana.dival.es\/wp-content\/uploads\/2023\/05\/Logo-de-centro-de-Asistencia-Social-Maestro-Ripoll.jpg 1200w\" sizes=\"(max-width: 987px) 100vw, 987px\" \/><\/a><\/figure>\n<\/figure>\n\n\n\n<div style=\"height:50px\" aria-hidden=\"true\" class=\"wp-block-spacer\"><\/div>\n\n\n\n<div class=\"wp-block-media-text alignwide is-stacked-on-mobile\" style=\"grid-template-columns:26% auto\"><figure class=\"wp-block-media-text__media\"><img loading=\"lazy\" decoding=\"async\" width=\"734\" height=\"1024\" src=\"https:\/\/valenciarepublicana.dival.es\/wp-content\/uploads\/2023\/05\/Captura-de-pantalla-2023-05-31-a-las-22.16.51-734x1024.png\" alt=\"\" class=\"wp-image-1322 size-full\" srcset=\"https:\/\/valenciarepublicana.dival.es\/wp-content\/uploads\/2023\/05\/Captura-de-pantalla-2023-05-31-a-las-22.16.51-734x1024.png 734w, https:\/\/valenciarepublicana.dival.es\/wp-content\/uploads\/2023\/05\/Captura-de-pantalla-2023-05-31-a-las-22.16.51-215x300.png 215w, https:\/\/valenciarepublicana.dival.es\/wp-content\/uploads\/2023\/05\/Captura-de-pantalla-2023-05-31-a-las-22.16.51-768x1071.png 768w, https:\/\/valenciarepublicana.dival.es\/wp-content\/uploads\/2023\/05\/Captura-de-pantalla-2023-05-31-a-las-22.16.51-1102x1536.png 1102w, https:\/\/valenciarepublicana.dival.es\/wp-content\/uploads\/2023\/05\/Captura-de-pantalla-2023-05-31-a-las-22.16.51.png 1436w\" sizes=\"(max-width: 734px) 100vw, 734px\" \/><\/figure><div class=\"wp-block-media-text__content\">\n<h3 class=\"wp-block-heading\">Entre l&#8217;entusiasme i l&#8217;obstruccionisme: la realitat de l&#8217;escola valenciana durant la Segona Rep\u00fablica (1931-1939)<\/h3>\n\n\n\n<p>M. del Carmen Agull\u00f3 D\u00edaz<\/p>\n\n\n\n<p><\/p>\n\n\n\n<div class=\"wp-block-buttons is-layout-flex wp-block-buttons-is-layout-flex\">\n<div class=\"wp-block-button\"><a class=\"wp-block-button__link wp-element-button\" href=\"https:\/\/valenciarepublicana.dival.es\/wp-content\/uploads\/2023\/05\/lescola-valenciana-durant-la-Segona-Republica.pdf\" target=\"_blank\" rel=\"noreferrer noopener\">Descargar<\/a><\/div>\n<\/div>\n<\/div><\/div>\n\n\n\n<div style=\"height:20px\" aria-hidden=\"true\" class=\"wp-block-spacer\"><\/div>\n\n\n\n<div class=\"wp-block-media-text alignwide is-stacked-on-mobile\" style=\"grid-template-columns:24% auto\"><figure class=\"wp-block-media-text__media\"><img loading=\"lazy\" decoding=\"async\" width=\"753\" height=\"1024\" src=\"https:\/\/valenciarepublicana.dival.es\/wp-content\/uploads\/2023\/05\/Captura-de-pantalla-2023-05-31-a-las-22.16.38-753x1024.png\" alt=\"\" class=\"wp-image-1324 size-full\" srcset=\"https:\/\/valenciarepublicana.dival.es\/wp-content\/uploads\/2023\/05\/Captura-de-pantalla-2023-05-31-a-las-22.16.38-753x1024.png 753w, https:\/\/valenciarepublicana.dival.es\/wp-content\/uploads\/2023\/05\/Captura-de-pantalla-2023-05-31-a-las-22.16.38-221x300.png 221w, https:\/\/valenciarepublicana.dival.es\/wp-content\/uploads\/2023\/05\/Captura-de-pantalla-2023-05-31-a-las-22.16.38-768x1045.png 768w, https:\/\/valenciarepublicana.dival.es\/wp-content\/uploads\/2023\/05\/Captura-de-pantalla-2023-05-31-a-las-22.16.38-1129x1536.png 1129w, https:\/\/valenciarepublicana.dival.es\/wp-content\/uploads\/2023\/05\/Captura-de-pantalla-2023-05-31-a-las-22.16.38.png 1422w\" sizes=\"(max-width: 753px) 100vw, 753px\" \/><\/figure><div class=\"wp-block-media-text__content\">\n<h3 class=\"wp-block-heading\">Los institutos obreros, un ensayo de innovaci\u00f3n pedag\u00f3gica y de socializaci\u00f3n pol\u00edtica<\/h3>\n\n\n\n<p>Juan Manuel Fern\u00e1ndez Soria<\/p>\n\n\n\n<p><\/p>\n\n\n\n<div class=\"wp-block-buttons is-layout-flex wp-block-buttons-is-layout-flex\">\n<div class=\"wp-block-button\"><a class=\"wp-block-button__link wp-element-button\" href=\"https:\/\/valenciarepublicana.dival.es\/wp-content\/uploads\/2023\/05\/Institutos-obreros.pdf\" target=\"_blank\" rel=\"noreferrer noopener\">Descaregar<\/a><\/div>\n<\/div>\n<\/div><\/div>\n\n\n\n<div style=\"height:20px\" aria-hidden=\"true\" class=\"wp-block-spacer\"><\/div>\n\n\n\n<div class=\"wp-block-media-text alignwide is-stacked-on-mobile\" style=\"grid-template-columns:24% auto\"><figure class=\"wp-block-media-text__media\"><img loading=\"lazy\" decoding=\"async\" width=\"915\" height=\"1024\" src=\"https:\/\/valenciarepublicana.dival.es\/wp-content\/uploads\/2023\/05\/Captura-de-pantalla-2023-05-31-a-las-22.17.17-915x1024.png\" alt=\"\" class=\"wp-image-1326 size-full\" srcset=\"https:\/\/valenciarepublicana.dival.es\/wp-content\/uploads\/2023\/05\/Captura-de-pantalla-2023-05-31-a-las-22.17.17-915x1024.png 915w, https:\/\/valenciarepublicana.dival.es\/wp-content\/uploads\/2023\/05\/Captura-de-pantalla-2023-05-31-a-las-22.17.17-268x300.png 268w, https:\/\/valenciarepublicana.dival.es\/wp-content\/uploads\/2023\/05\/Captura-de-pantalla-2023-05-31-a-las-22.17.17-768x859.png 768w, https:\/\/valenciarepublicana.dival.es\/wp-content\/uploads\/2023\/05\/Captura-de-pantalla-2023-05-31-a-las-22.17.17-1373x1536.png 1373w, https:\/\/valenciarepublicana.dival.es\/wp-content\/uploads\/2023\/05\/Captura-de-pantalla-2023-05-31-a-las-22.17.17.png 1770w\" sizes=\"(max-width: 915px) 100vw, 915px\" \/><\/figure><div class=\"wp-block-media-text__content\">\n<h3 class=\"wp-block-heading\">La Educaci\u00f3n en la Segunda Rep\u00fablica<\/h3>\n\n\n\n<p>Gu\u00eda did\u00e1ctica para secundaria y bachiller<\/p>\n\n\n\n<p><\/p>\n\n\n\n<div class=\"wp-block-buttons is-layout-flex wp-block-buttons-is-layout-flex\">\n<div class=\"wp-block-button\"><a class=\"wp-block-button__link wp-element-button\" href=\"https:\/\/valenciarepublicana.dival.es\/wp-content\/uploads\/2023\/05\/La-escuela-de-la-Republica_Unidad-didactica.pdf\" target=\"_blank\" rel=\"noreferrer noopener\">Descargar<\/a><\/div>\n<\/div>\n<\/div><\/div>\n","protected":false},"excerpt":{"rendered":"<p>Extender la educaci\u00f3n a la sociedad, construir el Estado docente, defensa de la Rep\u00fablica, fue uno de los principales objetivos que se plantearon aquellos hombres y mujeres, miembros de la \u201cRep\u00fablica de intelectuales\u201d orteguiana. C\u00f3mo toda construcci\u00f3n, el trabajo se empez\u00f3 por los cimientos, en este caso, por la ense\u00f1anza b\u00e1sica: la escuela. Antes incluso [&hellip;]<\/p>\n","protected":false},"author":1,"featured_media":0,"parent":0,"menu_order":0,"comment_status":"closed","ping_status":"closed","template":"","meta":{"footnotes":""},"class_list":["post-1443","page","type-page","status-publish","hentry"],"_links":{"self":[{"href":"https:\/\/valenciarepublicana.dival.es\/es\/wp-json\/wp\/v2\/pages\/1443","targetHints":{"allow":["GET"]}}],"collection":[{"href":"https:\/\/valenciarepublicana.dival.es\/es\/wp-json\/wp\/v2\/pages"}],"about":[{"href":"https:\/\/valenciarepublicana.dival.es\/es\/wp-json\/wp\/v2\/types\/page"}],"author":[{"embeddable":true,"href":"https:\/\/valenciarepublicana.dival.es\/es\/wp-json\/wp\/v2\/users\/1"}],"replies":[{"embeddable":true,"href":"https:\/\/valenciarepublicana.dival.es\/es\/wp-json\/wp\/v2\/comments?post=1443"}],"version-history":[{"count":1,"href":"https:\/\/valenciarepublicana.dival.es\/es\/wp-json\/wp\/v2\/pages\/1443\/revisions"}],"predecessor-version":[{"id":1445,"href":"https:\/\/valenciarepublicana.dival.es\/es\/wp-json\/wp\/v2\/pages\/1443\/revisions\/1445"}],"wp:attachment":[{"href":"https:\/\/valenciarepublicana.dival.es\/es\/wp-json\/wp\/v2\/media?parent=1443"}],"curies":[{"name":"wp","href":"https:\/\/api.w.org\/{rel}","templated":true}]}}