{"id":1291,"date":"2022-12-12T09:49:47","date_gmt":"2022-12-12T08:49:47","guid":{"rendered":"https:\/\/valenciarepublicana.dival.es\/cultura\/"},"modified":"2023-05-31T22:15:42","modified_gmt":"2023-05-31T20:15:42","slug":"cultura","status":"publish","type":"page","link":"https:\/\/valenciarepublicana.dival.es\/es\/cultura\/","title":{"rendered":"Cultura"},"content":{"rendered":"\n<p>La obra cultural de la II Rep\u00fablica fue tan importante, tan diversa y tan rica que hay un amplio consenso en torno a su excelencia; y la opini\u00f3n que fue un periodo cultural privilegiado para la historia de la cultura es compartida por autores con concepciones e ideas muy diferentes.Algunas de sus caracter\u00edsticas m\u00e1s interesantes son, en primer lugar, que esta etapa no fue un hecho aislado, sino la culminaci\u00f3n de todo un largo periodo que desde finales del siglo XIX hab\u00eda ido madurando un proyecto de cambio cultural vinculado a las tendencias de modernizaci\u00f3n presentes a Europa.<\/p>\n\n\n\n<p><br>En segundo lugar, la cultura para aquellos intelectuales y pol\u00edticos republicanos no fue nunca una torre de marfil, ni una tentaci\u00f3n de las \u00e9lites para su diversi\u00f3n, ni un experimento versallesco impregnado de desd\u00e9n por el pueblo plano, fue, mucho al contrario, la condici\u00f3n sine qua non, para que la misma Rep\u00fablica existiera ontol\u00f3gicamente.<\/p>\n\n\n\n<p><br>En tercer lugar, el proyecto cultural republicano aspir\u00f3 a construir y difundir una cultura com\u00fan. Los republicanos y las republicanas, que exist\u00edan antes de que la Rep\u00fablica fuera proclamada, sab\u00edan que este cemento clerical e ideol\u00f3gico, de naturaleza casi *ultramontana, no pod\u00eda ser compatible con una ciudadan\u00eda ilustrada y activa. Sin embargo, esta empresa que tuvo importantes apoyos en instituciones creadas en el transcurso de las primeras d\u00e9cadas del siglo vinculadas a la Instituci\u00f3n Libre de Ense\u00f1anza o a otras muy pr\u00f3ximas como el Instituto de Estudios Catalanes, no fue un proyecto centralizador.<\/p>\n\n\n\n<div style=\"height:50px\" aria-hidden=\"true\" class=\"wp-block-spacer\"><\/div>\n\n\n\n<figure class=\"wp-block-gallery has-nested-images columns-4 is-cropped wp-block-gallery-1 is-layout-flex wp-block-gallery-is-layout-flex\">\n<figure class=\"wp-block-image size-full\"><a href=\"https:\/\/valenciarepublicana.dival.es\/wp-content\/uploads\/2023\/05\/15-agosto-1937-Concierto-en-Viveros.jpg\"><img fetchpriority=\"high\" decoding=\"async\" width=\"681\" height=\"897\" data-id=\"1278\" src=\"https:\/\/valenciarepublicana.dival.es\/wp-content\/uploads\/2023\/05\/15-agosto-1937-Concierto-en-Viveros.jpg\" alt=\"\" class=\"wp-image-1278\" srcset=\"https:\/\/valenciarepublicana.dival.es\/wp-content\/uploads\/2023\/05\/15-agosto-1937-Concierto-en-Viveros.jpg 681w, https:\/\/valenciarepublicana.dival.es\/wp-content\/uploads\/2023\/05\/15-agosto-1937-Concierto-en-Viveros-228x300.jpg 228w\" sizes=\"(max-width: 681px) 100vw, 681px\" \/><\/a><\/figure>\n\n\n\n<figure class=\"wp-block-image size-large\"><a href=\"https:\/\/valenciarepublicana.dival.es\/wp-content\/uploads\/2023\/05\/Biblioteca-de-Cultura-Popular.jpg\"><img decoding=\"async\" width=\"1024\" height=\"678\" data-id=\"1282\" src=\"https:\/\/valenciarepublicana.dival.es\/wp-content\/uploads\/2023\/05\/Biblioteca-de-Cultura-Popular-1024x678.jpg\" alt=\"\" class=\"wp-image-1282\" srcset=\"https:\/\/valenciarepublicana.dival.es\/wp-content\/uploads\/2023\/05\/Biblioteca-de-Cultura-Popular-1024x678.jpg 1024w, https:\/\/valenciarepublicana.dival.es\/wp-content\/uploads\/2023\/05\/Biblioteca-de-Cultura-Popular-300x199.jpg 300w, https:\/\/valenciarepublicana.dival.es\/wp-content\/uploads\/2023\/05\/Biblioteca-de-Cultura-Popular-768x509.jpg 768w, https:\/\/valenciarepublicana.dival.es\/wp-content\/uploads\/2023\/05\/Biblioteca-de-Cultura-Popular.jpg 1398w\" sizes=\"(max-width: 1024px) 100vw, 1024px\" \/><\/a><\/figure>\n\n\n\n<figure class=\"wp-block-image size-full\"><a href=\"https:\/\/valenciarepublicana.dival.es\/wp-content\/uploads\/2023\/05\/Casa-de-la-Cultura-en-el-hotel-Palace.jpg\"><img decoding=\"async\" width=\"778\" height=\"533\" data-id=\"1264\" src=\"https:\/\/valenciarepublicana.dival.es\/wp-content\/uploads\/2023\/05\/Casa-de-la-Cultura-en-el-hotel-Palace.jpg\" alt=\"\" class=\"wp-image-1264\" srcset=\"https:\/\/valenciarepublicana.dival.es\/wp-content\/uploads\/2023\/05\/Casa-de-la-Cultura-en-el-hotel-Palace.jpg 778w, https:\/\/valenciarepublicana.dival.es\/wp-content\/uploads\/2023\/05\/Casa-de-la-Cultura-en-el-hotel-Palace-300x206.jpg 300w, https:\/\/valenciarepublicana.dival.es\/wp-content\/uploads\/2023\/05\/Casa-de-la-Cultura-en-el-hotel-Palace-768x526.jpg 768w\" sizes=\"(max-width: 778px) 100vw, 778px\" \/><\/a><\/figure>\n\n\n\n<figure class=\"wp-block-image size-full\"><a href=\"https:\/\/valenciarepublicana.dival.es\/wp-content\/uploads\/2023\/05\/Constitucion-del-Grupo-de-Estudios-Cientificos-Diciembre-de-1933.jpg\"><img loading=\"lazy\" decoding=\"async\" width=\"411\" height=\"900\" data-id=\"1268\" src=\"https:\/\/valenciarepublicana.dival.es\/wp-content\/uploads\/2023\/05\/Constitucion-del-Grupo-de-Estudios-Cientificos-Diciembre-de-1933.jpg\" alt=\"\" class=\"wp-image-1268\" srcset=\"https:\/\/valenciarepublicana.dival.es\/wp-content\/uploads\/2023\/05\/Constitucion-del-Grupo-de-Estudios-Cientificos-Diciembre-de-1933.jpg 411w, https:\/\/valenciarepublicana.dival.es\/wp-content\/uploads\/2023\/05\/Constitucion-del-Grupo-de-Estudios-Cientificos-Diciembre-de-1933-137x300.jpg 137w\" sizes=\"(max-width: 411px) 100vw, 411px\" \/><\/a><\/figure>\n\n\n\n<figure class=\"wp-block-image size-full\"><a href=\"https:\/\/valenciarepublicana.dival.es\/wp-content\/uploads\/2023\/05\/Exposicion-en-el-Foto-Club-Diciembre-1933.jpg\"><img loading=\"lazy\" decoding=\"async\" width=\"340\" height=\"495\" data-id=\"1260\" src=\"https:\/\/valenciarepublicana.dival.es\/wp-content\/uploads\/2023\/05\/Exposicion-en-el-Foto-Club-Diciembre-1933.jpg\" alt=\"\" class=\"wp-image-1260\" srcset=\"https:\/\/valenciarepublicana.dival.es\/wp-content\/uploads\/2023\/05\/Exposicion-en-el-Foto-Club-Diciembre-1933.jpg 340w, https:\/\/valenciarepublicana.dival.es\/wp-content\/uploads\/2023\/05\/Exposicion-en-el-Foto-Club-Diciembre-1933-206x300.jpg 206w\" sizes=\"(max-width: 340px) 100vw, 340px\" \/><\/a><figcaption class=\"wp-element-caption\">OLYMPUS DIGITAL CAMERA<\/figcaption><\/figure>\n\n\n\n<figure class=\"wp-block-image size-large\"><a href=\"https:\/\/valenciarepublicana.dival.es\/wp-content\/uploads\/2023\/05\/Exposicion-en-el-Patriarca-Diciembre-1936.jpg\"><img loading=\"lazy\" decoding=\"async\" width=\"1024\" height=\"500\" data-id=\"1274\" src=\"https:\/\/valenciarepublicana.dival.es\/wp-content\/uploads\/2023\/05\/Exposicion-en-el-Patriarca-Diciembre-1936-1024x500.jpg\" alt=\"\" class=\"wp-image-1274\" srcset=\"https:\/\/valenciarepublicana.dival.es\/wp-content\/uploads\/2023\/05\/Exposicion-en-el-Patriarca-Diciembre-1936-1024x500.jpg 1024w, https:\/\/valenciarepublicana.dival.es\/wp-content\/uploads\/2023\/05\/Exposicion-en-el-Patriarca-Diciembre-1936-300x147.jpg 300w, https:\/\/valenciarepublicana.dival.es\/wp-content\/uploads\/2023\/05\/Exposicion-en-el-Patriarca-Diciembre-1936-768x375.jpg 768w, https:\/\/valenciarepublicana.dival.es\/wp-content\/uploads\/2023\/05\/Exposicion-en-el-Patriarca-Diciembre-1936-1536x750.jpg 1536w, https:\/\/valenciarepublicana.dival.es\/wp-content\/uploads\/2023\/05\/Exposicion-en-el-Patriarca-Diciembre-1936-2048x1001.jpg 2048w\" sizes=\"(max-width: 1024px) 100vw, 1024px\" \/><\/a><\/figure>\n\n\n\n<figure class=\"wp-block-image size-large\"><a href=\"https:\/\/valenciarepublicana.dival.es\/wp-content\/uploads\/2023\/05\/II-Congreso-en-Defensa-de-la-Cultura_Revista-Cronica-Julio-1937.jpg\"><img loading=\"lazy\" decoding=\"async\" width=\"727\" height=\"1024\" data-id=\"1279\" src=\"https:\/\/valenciarepublicana.dival.es\/wp-content\/uploads\/2023\/05\/II-Congreso-en-Defensa-de-la-Cultura_Revista-Cronica-Julio-1937-727x1024.jpg\" alt=\"\" class=\"wp-image-1279\" srcset=\"https:\/\/valenciarepublicana.dival.es\/wp-content\/uploads\/2023\/05\/II-Congreso-en-Defensa-de-la-Cultura_Revista-Cronica-Julio-1937-727x1024.jpg 727w, https:\/\/valenciarepublicana.dival.es\/wp-content\/uploads\/2023\/05\/II-Congreso-en-Defensa-de-la-Cultura_Revista-Cronica-Julio-1937-213x300.jpg 213w, https:\/\/valenciarepublicana.dival.es\/wp-content\/uploads\/2023\/05\/II-Congreso-en-Defensa-de-la-Cultura_Revista-Cronica-Julio-1937-768x1082.jpg 768w, https:\/\/valenciarepublicana.dival.es\/wp-content\/uploads\/2023\/05\/II-Congreso-en-Defensa-de-la-Cultura_Revista-Cronica-Julio-1937.jpg 900w\" sizes=\"(max-width: 727px) 100vw, 727px\" \/><\/a><\/figure>\n\n\n\n<figure class=\"wp-block-image size-large\"><a href=\"https:\/\/valenciarepublicana.dival.es\/wp-content\/uploads\/2023\/05\/La-Republica-obra-de-Ricardo-Boix-1932-1.jpg\"><img loading=\"lazy\" decoding=\"async\" width=\"972\" height=\"1024\" data-id=\"1286\" src=\"https:\/\/valenciarepublicana.dival.es\/wp-content\/uploads\/2023\/05\/La-Republica-obra-de-Ricardo-Boix-1932-1-972x1024.jpg\" alt=\"\" class=\"wp-image-1286\" srcset=\"https:\/\/valenciarepublicana.dival.es\/wp-content\/uploads\/2023\/05\/La-Republica-obra-de-Ricardo-Boix-1932-1-972x1024.jpg 972w, https:\/\/valenciarepublicana.dival.es\/wp-content\/uploads\/2023\/05\/La-Republica-obra-de-Ricardo-Boix-1932-1-285x300.jpg 285w, https:\/\/valenciarepublicana.dival.es\/wp-content\/uploads\/2023\/05\/La-Republica-obra-de-Ricardo-Boix-1932-1-768x809.jpg 768w, https:\/\/valenciarepublicana.dival.es\/wp-content\/uploads\/2023\/05\/La-Republica-obra-de-Ricardo-Boix-1932-1.jpg 1000w\" sizes=\"(max-width: 972px) 100vw, 972px\" \/><\/a><\/figure>\n\n\n\n<figure class=\"wp-block-image size-large\"><a href=\"https:\/\/valenciarepublicana.dival.es\/wp-content\/uploads\/2023\/05\/Miguel-Hernandez-saliendo-del-ayuntamiento-Valencia-julio-1937-Congreso.jpg\"><img loading=\"lazy\" decoding=\"async\" width=\"1024\" height=\"630\" data-id=\"1266\" src=\"https:\/\/valenciarepublicana.dival.es\/wp-content\/uploads\/2023\/05\/Miguel-Hernandez-saliendo-del-ayuntamiento-Valencia-julio-1937-Congreso-1024x630.jpg\" alt=\"\" class=\"wp-image-1266\" srcset=\"https:\/\/valenciarepublicana.dival.es\/wp-content\/uploads\/2023\/05\/Miguel-Hernandez-saliendo-del-ayuntamiento-Valencia-julio-1937-Congreso-1024x630.jpg 1024w, https:\/\/valenciarepublicana.dival.es\/wp-content\/uploads\/2023\/05\/Miguel-Hernandez-saliendo-del-ayuntamiento-Valencia-julio-1937-Congreso-300x185.jpg 300w, https:\/\/valenciarepublicana.dival.es\/wp-content\/uploads\/2023\/05\/Miguel-Hernandez-saliendo-del-ayuntamiento-Valencia-julio-1937-Congreso-768x472.jpg 768w, https:\/\/valenciarepublicana.dival.es\/wp-content\/uploads\/2023\/05\/Miguel-Hernandez-saliendo-del-ayuntamiento-Valencia-julio-1937-Congreso.jpg 1200w\" sizes=\"(max-width: 1024px) 100vw, 1024px\" \/><\/a><\/figure>\n\n\n\n<figure class=\"wp-block-image size-large\"><a href=\"https:\/\/valenciarepublicana.dival.es\/wp-content\/uploads\/2023\/05\/Negrin-inaugurando-el-II-Congreso-de-Escritores-en-Defensa-de-la-Cultura.jpg\"><img loading=\"lazy\" decoding=\"async\" width=\"1024\" height=\"772\" data-id=\"1276\" src=\"https:\/\/valenciarepublicana.dival.es\/wp-content\/uploads\/2023\/05\/Negrin-inaugurando-el-II-Congreso-de-Escritores-en-Defensa-de-la-Cultura-1024x772.jpg\" alt=\"\" class=\"wp-image-1276\" srcset=\"https:\/\/valenciarepublicana.dival.es\/wp-content\/uploads\/2023\/05\/Negrin-inaugurando-el-II-Congreso-de-Escritores-en-Defensa-de-la-Cultura-1024x772.jpg 1024w, https:\/\/valenciarepublicana.dival.es\/wp-content\/uploads\/2023\/05\/Negrin-inaugurando-el-II-Congreso-de-Escritores-en-Defensa-de-la-Cultura-300x226.jpg 300w, https:\/\/valenciarepublicana.dival.es\/wp-content\/uploads\/2023\/05\/Negrin-inaugurando-el-II-Congreso-de-Escritores-en-Defensa-de-la-Cultura-768x579.jpg 768w, https:\/\/valenciarepublicana.dival.es\/wp-content\/uploads\/2023\/05\/Negrin-inaugurando-el-II-Congreso-de-Escritores-en-Defensa-de-la-Cultura.jpg 1200w\" sizes=\"(max-width: 1024px) 100vw, 1024px\" \/><\/a><\/figure>\n\n\n\n<figure class=\"wp-block-image size-full\"><a href=\"https:\/\/valenciarepublicana.dival.es\/wp-content\/uploads\/2023\/05\/Representacion-teatral-en-una-iglesia.jpg\"><img loading=\"lazy\" decoding=\"async\" width=\"919\" height=\"729\" data-id=\"1262\" src=\"https:\/\/valenciarepublicana.dival.es\/wp-content\/uploads\/2023\/05\/Representacion-teatral-en-una-iglesia.jpg\" alt=\"\" class=\"wp-image-1262\" srcset=\"https:\/\/valenciarepublicana.dival.es\/wp-content\/uploads\/2023\/05\/Representacion-teatral-en-una-iglesia.jpg 919w, https:\/\/valenciarepublicana.dival.es\/wp-content\/uploads\/2023\/05\/Representacion-teatral-en-una-iglesia-300x238.jpg 300w, https:\/\/valenciarepublicana.dival.es\/wp-content\/uploads\/2023\/05\/Representacion-teatral-en-una-iglesia-768x609.jpg 768w\" sizes=\"(max-width: 919px) 100vw, 919px\" \/><\/a><\/figure>\n\n\n\n<figure class=\"wp-block-image size-full\"><a href=\"https:\/\/valenciarepublicana.dival.es\/wp-content\/uploads\/2023\/05\/Sala-Blava.jpg\"><img loading=\"lazy\" decoding=\"async\" width=\"900\" height=\"677\" data-id=\"1271\" src=\"https:\/\/valenciarepublicana.dival.es\/wp-content\/uploads\/2023\/05\/Sala-Blava.jpg\" alt=\"\" class=\"wp-image-1271\" srcset=\"https:\/\/valenciarepublicana.dival.es\/wp-content\/uploads\/2023\/05\/Sala-Blava.jpg 900w, https:\/\/valenciarepublicana.dival.es\/wp-content\/uploads\/2023\/05\/Sala-Blava-300x226.jpg 300w, https:\/\/valenciarepublicana.dival.es\/wp-content\/uploads\/2023\/05\/Sala-Blava-768x578.jpg 768w\" sizes=\"(max-width: 900px) 100vw, 900px\" \/><\/a><\/figure>\n<\/figure>\n\n\n\n<div style=\"height:50px\" aria-hidden=\"true\" class=\"wp-block-spacer\"><\/div>\n\n\n\n<div class=\"wp-block-media-text alignwide is-stacked-on-mobile\" style=\"grid-template-columns:24% auto\"><figure class=\"wp-block-media-text__media\"><img loading=\"lazy\" decoding=\"async\" width=\"710\" height=\"1024\" src=\"https:\/\/valenciarepublicana.dival.es\/wp-content\/uploads\/2023\/05\/Captura-de-pantalla-2023-05-31-a-las-21.56.17-710x1024.png\" alt=\"\" class=\"wp-image-1284 size-full\" srcset=\"https:\/\/valenciarepublicana.dival.es\/wp-content\/uploads\/2023\/05\/Captura-de-pantalla-2023-05-31-a-las-21.56.17-710x1024.png 710w, https:\/\/valenciarepublicana.dival.es\/wp-content\/uploads\/2023\/05\/Captura-de-pantalla-2023-05-31-a-las-21.56.17-208x300.png 208w, https:\/\/valenciarepublicana.dival.es\/wp-content\/uploads\/2023\/05\/Captura-de-pantalla-2023-05-31-a-las-21.56.17-768x1107.png 768w, https:\/\/valenciarepublicana.dival.es\/wp-content\/uploads\/2023\/05\/Captura-de-pantalla-2023-05-31-a-las-21.56.17-1065x1536.png 1065w, https:\/\/valenciarepublicana.dival.es\/wp-content\/uploads\/2023\/05\/Captura-de-pantalla-2023-05-31-a-las-21.56.17.png 1372w\" sizes=\"(max-width: 710px) 100vw, 710px\" \/><\/figure><div class=\"wp-block-media-text__content\">\n<h3 class=\"wp-block-heading\">El Cam\u00ed<\/h3>\n\n\n\n<p><\/p>\n\n\n\n<div class=\"wp-block-buttons is-layout-flex wp-block-buttons-is-layout-flex\">\n<div class=\"wp-block-button\"><a class=\"wp-block-button__link wp-element-button\" href=\"https:\/\/valenciarepublicana.dival.es\/wp-content\/uploads\/2023\/05\/El-Cami.pdf\" target=\"_blank\" rel=\"noreferrer noopener\">Descargar<\/a><\/div>\n<\/div>\n<\/div><\/div>\n\n\n\n<div style=\"height:20px\" aria-hidden=\"true\" class=\"wp-block-spacer\"><\/div>\n\n\n\n<div class=\"wp-block-media-text alignwide is-stacked-on-mobile\" style=\"grid-template-columns:24% auto\"><figure class=\"wp-block-media-text__media\"><img loading=\"lazy\" decoding=\"async\" width=\"673\" height=\"1024\" src=\"https:\/\/valenciarepublicana.dival.es\/wp-content\/uploads\/2023\/05\/Captura-de-pantalla-2023-05-31-a-las-21.56.27-673x1024.png\" alt=\"\" class=\"wp-image-1288 size-full\" srcset=\"https:\/\/valenciarepublicana.dival.es\/wp-content\/uploads\/2023\/05\/Captura-de-pantalla-2023-05-31-a-las-21.56.27-673x1024.png 673w, https:\/\/valenciarepublicana.dival.es\/wp-content\/uploads\/2023\/05\/Captura-de-pantalla-2023-05-31-a-las-21.56.27-197x300.png 197w, https:\/\/valenciarepublicana.dival.es\/wp-content\/uploads\/2023\/05\/Captura-de-pantalla-2023-05-31-a-las-21.56.27-768x1168.png 768w, https:\/\/valenciarepublicana.dival.es\/wp-content\/uploads\/2023\/05\/Captura-de-pantalla-2023-05-31-a-las-21.56.27-1010x1536.png 1010w, https:\/\/valenciarepublicana.dival.es\/wp-content\/uploads\/2023\/05\/Captura-de-pantalla-2023-05-31-a-las-21.56.27.png 1282w\" sizes=\"(max-width: 673px) 100vw, 673px\" \/><\/figure><div class=\"wp-block-media-text__content\">\n<h3 class=\"wp-block-heading\">La Ciudad de los sabios. Valencia, capital cultural de la Rep\u00fablica (1936-1937)<\/h3>\n\n\n\n<p>Javier Navarro Navarro<\/p>\n\n\n\n<p><\/p>\n\n\n\n<div class=\"wp-block-buttons is-layout-flex wp-block-buttons-is-layout-flex\">\n<div class=\"wp-block-button\"><a class=\"wp-block-button__link wp-element-button\" href=\"https:\/\/valenciarepublicana.dival.es\/wp-content\/uploads\/2023\/05\/La-ciudad-de-los-sabios.pdf\" target=\"_blank\" rel=\"noreferrer noopener\">Descargar<\/a><\/div>\n<\/div>\n<\/div><\/div>\n","protected":false},"excerpt":{"rendered":"<p>La obra cultural de la II Rep\u00fablica fue tan importante, tan diversa y tan rica que hay un amplio consenso en torno a su excelencia; y la opini\u00f3n que fue un periodo cultural privilegiado para la historia de la cultura es compartida por autores con concepciones e ideas muy diferentes.Algunas de sus caracter\u00edsticas m\u00e1s interesantes [&hellip;]<\/p>\n","protected":false},"author":1,"featured_media":0,"parent":0,"menu_order":0,"comment_status":"closed","ping_status":"closed","template":"","meta":{"footnotes":""},"class_list":["post-1291","page","type-page","status-publish","hentry"],"_links":{"self":[{"href":"https:\/\/valenciarepublicana.dival.es\/es\/wp-json\/wp\/v2\/pages\/1291","targetHints":{"allow":["GET"]}}],"collection":[{"href":"https:\/\/valenciarepublicana.dival.es\/es\/wp-json\/wp\/v2\/pages"}],"about":[{"href":"https:\/\/valenciarepublicana.dival.es\/es\/wp-json\/wp\/v2\/types\/page"}],"author":[{"embeddable":true,"href":"https:\/\/valenciarepublicana.dival.es\/es\/wp-json\/wp\/v2\/users\/1"}],"replies":[{"embeddable":true,"href":"https:\/\/valenciarepublicana.dival.es\/es\/wp-json\/wp\/v2\/comments?post=1291"}],"version-history":[{"count":1,"href":"https:\/\/valenciarepublicana.dival.es\/es\/wp-json\/wp\/v2\/pages\/1291\/revisions"}],"predecessor-version":[{"id":1292,"href":"https:\/\/valenciarepublicana.dival.es\/es\/wp-json\/wp\/v2\/pages\/1291\/revisions\/1292"}],"wp:attachment":[{"href":"https:\/\/valenciarepublicana.dival.es\/es\/wp-json\/wp\/v2\/media?parent=1291"}],"curies":[{"name":"wp","href":"https:\/\/api.w.org\/{rel}","templated":true}]}}