{"id":1225,"date":"2022-12-12T09:50:37","date_gmt":"2022-12-12T08:50:37","guid":{"rendered":"https:\/\/valenciarepublicana.dival.es\/capitalitat\/"},"modified":"2023-05-31T19:18:16","modified_gmt":"2023-05-31T17:18:16","slug":"capitalitat","status":"publish","type":"page","link":"https:\/\/valenciarepublicana.dival.es\/es\/capitalitat\/","title":{"rendered":"Capitalidad"},"content":{"rendered":"\n<p>Val\u00e8ncia se convirti\u00f3 por un tiempo \u2013entre noviembre de 1936 y octubre de 1937\u2013 en centro de atenci\u00f3n nacional e internacional. Val\u00e8ncia tuvo que improvisar en poco tiempo la instalaci\u00f3n de la Presidencia de la Rep\u00fablica, de once ministerios, de abundantes subsecretarias y direcciones generales, del Estado Mayor Central, o del Tribunal Supremo, entre otras instituciones del Estado. Tambi\u00e9n de legaciones diplom\u00e1ticas como la sovi\u00e9tica, que ocup\u00f3 el hotel *Metropol. Con tal fin fueron reconvertidos muchos edificios y confiscados palacetes privados. El Ayuntamiento y la Llotja acogieron la escasa actividad parlamentaria: cuatro de las nueve sesiones que hubo durante la guerra. Las Torres de Serranos custodiaron obras llegadas del Museo del Prado para su mejor salvaguardia, y la sucursal del Banco de Espa\u00f1a fue dep\u00f3sito de libros procedentes de la Biblioteca del Escorial. As\u00ed mismo, Val\u00e8ncia debi\u00f3 de alojar en un elevado n\u00famero de funcionarios a los cuales no tardaron a a\u00f1adirse continuas oleadas de refugiados.<\/p>\n\n\n\n<p>La capitalidad convirti\u00f3 en Val\u00e8ncia en objetivo del enemigo. En la noche del 12 de enero de 1937 se produjo el primer bombardeo importante. Las l\u00edneas del frente ya no estaban a 150 kil\u00f3metros, \u201csino aqu\u00ed mismo, en el puerto de Val\u00e8ncia\u201d, dijo un titular del peri\u00f3dico *Frente Rojo. Desde este momento se sucedieron los ataques a\u00e9reos o mar\u00edtimos. Calles y edificios no solo exhibieron carteles o grandes telones de agit-prop, tambi\u00e9n las devastadoras huellas de las bombas. Las sucesivas derrotas satisficieron la ciudad de huidos, al mismo tiempo que los precios se incrementaban y las colas para procurarse mantenimiento se hac\u00edan m\u00e1s largas. Balcones, patios y terrazas pronto se poblaron de gallinas y conejos contra los cuales nada pudieron las prohibiciones dictadas por la higiene.<\/p>\n\n\n\n<div style=\"height:50px\" aria-hidden=\"true\" class=\"wp-block-spacer\"><\/div>\n\n\n\n<figure class=\"wp-block-gallery has-nested-images columns-4 is-cropped wp-block-gallery-1 is-layout-flex wp-block-gallery-is-layout-flex\">\n<figure class=\"wp-block-image size-medium\"><a href=\"https:\/\/valenciarepublicana.dival.es\/wp-content\/uploads\/2023\/05\/1_Noticia-de-llegada-a-Valencia-EMV.jpg\"><img decoding=\"async\" width=\"300\" height=\"152\" data-id=\"1158\" src=\"https:\/\/valenciarepublicana.dival.es\/wp-content\/uploads\/2023\/05\/1_Noticia-de-llegada-a-Valencia-EMV-300x152.jpg\" alt=\"\" class=\"wp-image-1158\" srcset=\"https:\/\/valenciarepublicana.dival.es\/wp-content\/uploads\/2023\/05\/1_Noticia-de-llegada-a-Valencia-EMV-300x152.jpg 300w, https:\/\/valenciarepublicana.dival.es\/wp-content\/uploads\/2023\/05\/1_Noticia-de-llegada-a-Valencia-EMV.jpg 742w\" sizes=\"(max-width: 300px) 100vw, 300px\" \/><\/a><\/figure>\n\n\n\n<figure class=\"wp-block-image size-large\"><a href=\"https:\/\/valenciarepublicana.dival.es\/wp-content\/uploads\/2023\/05\/2_Reunion-de-Cortes-en_Ayuntamiento-Valencia-Enero_1937_3.jpg.jpg\"><img fetchpriority=\"high\" decoding=\"async\" width=\"1024\" height=\"520\" data-id=\"1162\" src=\"https:\/\/valenciarepublicana.dival.es\/wp-content\/uploads\/2023\/05\/2_Reunion-de-Cortes-en_Ayuntamiento-Valencia-Enero_1937_3.jpg-1024x520.jpg\" alt=\"\" class=\"wp-image-1162\" srcset=\"https:\/\/valenciarepublicana.dival.es\/wp-content\/uploads\/2023\/05\/2_Reunion-de-Cortes-en_Ayuntamiento-Valencia-Enero_1937_3.jpg-1024x520.jpg 1024w, https:\/\/valenciarepublicana.dival.es\/wp-content\/uploads\/2023\/05\/2_Reunion-de-Cortes-en_Ayuntamiento-Valencia-Enero_1937_3.jpg-300x152.jpg 300w, https:\/\/valenciarepublicana.dival.es\/wp-content\/uploads\/2023\/05\/2_Reunion-de-Cortes-en_Ayuntamiento-Valencia-Enero_1937_3.jpg-768x390.jpg 768w, https:\/\/valenciarepublicana.dival.es\/wp-content\/uploads\/2023\/05\/2_Reunion-de-Cortes-en_Ayuntamiento-Valencia-Enero_1937_3.jpg.jpg 1354w\" sizes=\"(max-width: 1024px) 100vw, 1024px\" \/><\/a><\/figure>\n\n\n\n<figure class=\"wp-block-image size-medium\"><a href=\"https:\/\/valenciarepublicana.dival.es\/wp-content\/uploads\/2023\/05\/3_Reunion-de-cortes-en-la-lonja_.jpg\"><img decoding=\"async\" width=\"200\" height=\"300\" data-id=\"1167\" src=\"https:\/\/valenciarepublicana.dival.es\/wp-content\/uploads\/2023\/05\/3_Reunion-de-cortes-en-la-lonja_-200x300.jpg\" alt=\"\" class=\"wp-image-1167\" srcset=\"https:\/\/valenciarepublicana.dival.es\/wp-content\/uploads\/2023\/05\/3_Reunion-de-cortes-en-la-lonja_-200x300.jpg 200w, https:\/\/valenciarepublicana.dival.es\/wp-content\/uploads\/2023\/05\/3_Reunion-de-cortes-en-la-lonja_.jpg 342w\" sizes=\"(max-width: 200px) 100vw, 200px\" \/><\/a><\/figure>\n\n\n\n<figure class=\"wp-block-image size-medium\"><a href=\"https:\/\/valenciarepublicana.dival.es\/wp-content\/uploads\/2023\/05\/4_Reunion-de-las-cortes-EMV_15_agosto_37_LONJA1.jpg\"><img loading=\"lazy\" decoding=\"async\" width=\"238\" height=\"300\" data-id=\"1176\" src=\"https:\/\/valenciarepublicana.dival.es\/wp-content\/uploads\/2023\/05\/4_Reunion-de-las-cortes-EMV_15_agosto_37_LONJA1-238x300.jpg\" alt=\"\" class=\"wp-image-1176\" srcset=\"https:\/\/valenciarepublicana.dival.es\/wp-content\/uploads\/2023\/05\/4_Reunion-de-las-cortes-EMV_15_agosto_37_LONJA1-238x300.jpg 238w, https:\/\/valenciarepublicana.dival.es\/wp-content\/uploads\/2023\/05\/4_Reunion-de-las-cortes-EMV_15_agosto_37_LONJA1.jpg 678w\" sizes=\"(max-width: 238px) 100vw, 238px\" \/><\/a><\/figure>\n\n\n\n<figure class=\"wp-block-image size-medium\"><a href=\"https:\/\/valenciarepublicana.dival.es\/wp-content\/uploads\/2023\/05\/5_Nueva-vida-oficial.jpg\"><img loading=\"lazy\" decoding=\"async\" width=\"224\" height=\"300\" data-id=\"1172\" src=\"https:\/\/valenciarepublicana.dival.es\/wp-content\/uploads\/2023\/05\/5_Nueva-vida-oficial-224x300.jpg\" alt=\"\" class=\"wp-image-1172\" srcset=\"https:\/\/valenciarepublicana.dival.es\/wp-content\/uploads\/2023\/05\/5_Nueva-vida-oficial-224x300.jpg 224w, https:\/\/valenciarepublicana.dival.es\/wp-content\/uploads\/2023\/05\/5_Nueva-vida-oficial.jpg 564w\" sizes=\"(max-width: 224px) 100vw, 224px\" \/><\/a><\/figure>\n\n\n\n<figure class=\"wp-block-image size-full\"><a href=\"https:\/\/valenciarepublicana.dival.es\/wp-content\/uploads\/2023\/05\/6_Tribuna-popular-inaugurada-el-14_12_1936.jpg\"><img loading=\"lazy\" decoding=\"async\" width=\"673\" height=\"958\" data-id=\"1161\" src=\"https:\/\/valenciarepublicana.dival.es\/wp-content\/uploads\/2023\/05\/6_Tribuna-popular-inaugurada-el-14_12_1936.jpg\" alt=\"\" class=\"wp-image-1161\" srcset=\"https:\/\/valenciarepublicana.dival.es\/wp-content\/uploads\/2023\/05\/6_Tribuna-popular-inaugurada-el-14_12_1936.jpg 673w, https:\/\/valenciarepublicana.dival.es\/wp-content\/uploads\/2023\/05\/6_Tribuna-popular-inaugurada-el-14_12_1936-211x300.jpg 211w\" sizes=\"(max-width: 673px) 100vw, 673px\" \/><\/a><\/figure>\n\n\n\n<figure class=\"wp-block-image size-medium\"><a href=\"https:\/\/valenciarepublicana.dival.es\/wp-content\/uploads\/2023\/05\/8_Azana-en-la-Universidad_18-de-julio-de-1937-.jpg\"><img loading=\"lazy\" decoding=\"async\" width=\"204\" height=\"300\" data-id=\"1171\" src=\"https:\/\/valenciarepublicana.dival.es\/wp-content\/uploads\/2023\/05\/8_Azana-en-la-Universidad_18-de-julio-de-1937--204x300.jpg\" alt=\"\" class=\"wp-image-1171\" srcset=\"https:\/\/valenciarepublicana.dival.es\/wp-content\/uploads\/2023\/05\/8_Azana-en-la-Universidad_18-de-julio-de-1937--204x300.jpg 204w, https:\/\/valenciarepublicana.dival.es\/wp-content\/uploads\/2023\/05\/8_Azana-en-la-Universidad_18-de-julio-de-1937-.jpg 579w\" sizes=\"(max-width: 204px) 100vw, 204px\" \/><\/a><\/figure>\n\n\n\n<figure class=\"wp-block-image size-large\"><a href=\"https:\/\/valenciarepublicana.dival.es\/wp-content\/uploads\/2023\/05\/9_Azana-en-la-Universidad_18-de-julio-de-1937-.jpg\"><img loading=\"lazy\" decoding=\"async\" width=\"1024\" height=\"864\" data-id=\"1165\" src=\"https:\/\/valenciarepublicana.dival.es\/wp-content\/uploads\/2023\/05\/9_Azana-en-la-Universidad_18-de-julio-de-1937--1024x864.jpg\" alt=\"\" class=\"wp-image-1165\" srcset=\"https:\/\/valenciarepublicana.dival.es\/wp-content\/uploads\/2023\/05\/9_Azana-en-la-Universidad_18-de-julio-de-1937--1024x864.jpg 1024w, https:\/\/valenciarepublicana.dival.es\/wp-content\/uploads\/2023\/05\/9_Azana-en-la-Universidad_18-de-julio-de-1937--300x253.jpg 300w, https:\/\/valenciarepublicana.dival.es\/wp-content\/uploads\/2023\/05\/9_Azana-en-la-Universidad_18-de-julio-de-1937--768x648.jpg 768w, https:\/\/valenciarepublicana.dival.es\/wp-content\/uploads\/2023\/05\/9_Azana-en-la-Universidad_18-de-julio-de-1937-.jpg 1069w\" sizes=\"(max-width: 1024px) 100vw, 1024px\" \/><\/a><\/figure>\n\n\n\n<figure class=\"wp-block-image size-large\"><a href=\"https:\/\/valenciarepublicana.dival.es\/wp-content\/uploads\/2023\/05\/10_Azana-en-el-Ayuntamiento-de-Valencia_Enero-1937.jpg\"><img loading=\"lazy\" decoding=\"async\" width=\"768\" height=\"1024\" data-id=\"1173\" src=\"https:\/\/valenciarepublicana.dival.es\/wp-content\/uploads\/2023\/05\/10_Azana-en-el-Ayuntamiento-de-Valencia_Enero-1937-768x1024.jpg\" alt=\"\" class=\"wp-image-1173\" srcset=\"https:\/\/valenciarepublicana.dival.es\/wp-content\/uploads\/2023\/05\/10_Azana-en-el-Ayuntamiento-de-Valencia_Enero-1937-768x1024.jpg 768w, https:\/\/valenciarepublicana.dival.es\/wp-content\/uploads\/2023\/05\/10_Azana-en-el-Ayuntamiento-de-Valencia_Enero-1937-225x300.jpg 225w, https:\/\/valenciarepublicana.dival.es\/wp-content\/uploads\/2023\/05\/10_Azana-en-el-Ayuntamiento-de-Valencia_Enero-1937-1152x1536.jpg 1152w, https:\/\/valenciarepublicana.dival.es\/wp-content\/uploads\/2023\/05\/10_Azana-en-el-Ayuntamiento-de-Valencia_Enero-1937.jpg 1536w\" sizes=\"(max-width: 768px) 100vw, 768px\" \/><\/a><\/figure>\n\n\n\n<figure class=\"wp-block-image size-large\"><a href=\"https:\/\/valenciarepublicana.dival.es\/wp-content\/uploads\/2023\/05\/11_Iglesia-convertida-en-dependencia-del-Ministerio-de-Agricultura-abastecimiento.jpg\"><img loading=\"lazy\" decoding=\"async\" width=\"720\" height=\"1024\" data-id=\"1169\" src=\"https:\/\/valenciarepublicana.dival.es\/wp-content\/uploads\/2023\/05\/11_Iglesia-convertida-en-dependencia-del-Ministerio-de-Agricultura-abastecimiento-720x1024.jpg\" alt=\"\" class=\"wp-image-1169\" srcset=\"https:\/\/valenciarepublicana.dival.es\/wp-content\/uploads\/2023\/05\/11_Iglesia-convertida-en-dependencia-del-Ministerio-de-Agricultura-abastecimiento-720x1024.jpg 720w, https:\/\/valenciarepublicana.dival.es\/wp-content\/uploads\/2023\/05\/11_Iglesia-convertida-en-dependencia-del-Ministerio-de-Agricultura-abastecimiento-211x300.jpg 211w, https:\/\/valenciarepublicana.dival.es\/wp-content\/uploads\/2023\/05\/11_Iglesia-convertida-en-dependencia-del-Ministerio-de-Agricultura-abastecimiento-768x1092.jpg 768w, https:\/\/valenciarepublicana.dival.es\/wp-content\/uploads\/2023\/05\/11_Iglesia-convertida-en-dependencia-del-Ministerio-de-Agricultura-abastecimiento.jpg 775w\" sizes=\"(max-width: 720px) 100vw, 720px\" \/><\/a><\/figure>\n\n\n\n<figure class=\"wp-block-image size-medium\"><a href=\"https:\/\/valenciarepublicana.dival.es\/wp-content\/uploads\/2023\/05\/12_Ministerio-de-Propaganda-en-la-calle-del-Mar.jpg\"><img loading=\"lazy\" decoding=\"async\" width=\"142\" height=\"300\" data-id=\"1160\" src=\"https:\/\/valenciarepublicana.dival.es\/wp-content\/uploads\/2023\/05\/12_Ministerio-de-Propaganda-en-la-calle-del-Mar-142x300.jpg\" alt=\"\" class=\"wp-image-1160\" srcset=\"https:\/\/valenciarepublicana.dival.es\/wp-content\/uploads\/2023\/05\/12_Ministerio-de-Propaganda-en-la-calle-del-Mar-142x300.jpg 142w, https:\/\/valenciarepublicana.dival.es\/wp-content\/uploads\/2023\/05\/12_Ministerio-de-Propaganda-en-la-calle-del-Mar.jpg 254w\" sizes=\"(max-width: 142px) 100vw, 142px\" \/><\/a><\/figure>\n<\/figure>\n\n\n\n<div class=\"wp-block-media-text alignwide is-stacked-on-mobile\" style=\"grid-template-columns:25% auto\"><figure class=\"wp-block-media-text__media\"><img loading=\"lazy\" decoding=\"async\" width=\"729\" height=\"1024\" src=\"https:\/\/valenciarepublicana.dival.es\/wp-content\/uploads\/2023\/05\/Captura-de-pantalla-2023-05-31-a-las-18.11.00-729x1024.png\" alt=\"\" class=\"wp-image-1186 size-full\" srcset=\"https:\/\/valenciarepublicana.dival.es\/wp-content\/uploads\/2023\/05\/Captura-de-pantalla-2023-05-31-a-las-18.11.00-729x1024.png 729w, https:\/\/valenciarepublicana.dival.es\/wp-content\/uploads\/2023\/05\/Captura-de-pantalla-2023-05-31-a-las-18.11.00-213x300.png 213w, https:\/\/valenciarepublicana.dival.es\/wp-content\/uploads\/2023\/05\/Captura-de-pantalla-2023-05-31-a-las-18.11.00-768x1079.png 768w, https:\/\/valenciarepublicana.dival.es\/wp-content\/uploads\/2023\/05\/Captura-de-pantalla-2023-05-31-a-las-18.11.00-1093x1536.png 1093w, https:\/\/valenciarepublicana.dival.es\/wp-content\/uploads\/2023\/05\/Captura-de-pantalla-2023-05-31-a-las-18.11.00-1457x2048.png 1457w, https:\/\/valenciarepublicana.dival.es\/wp-content\/uploads\/2023\/05\/Captura-de-pantalla-2023-05-31-a-las-18.11.00.png 1504w\" sizes=\"(max-width: 729px) 100vw, 729px\" \/><\/figure><div class=\"wp-block-media-text__content\">\n<h3 class=\"wp-block-heading\">Tot est\u00e0 per fer. <\/h3>\n\n\n\n<h3 class=\"wp-block-heading\">Val\u00e8ncia capital de la Rep\u00fablica (1936-37)<\/h3>\n\n\n\n<p>Cat\u00e1logo<\/p>\n\n\n\n<div class=\"wp-block-buttons is-layout-flex wp-block-buttons-is-layout-flex\">\n<div class=\"wp-block-button\"><a class=\"wp-block-button__link wp-element-button\" href=\"https:\/\/valenciarepublicana.dival.es\/wp-content\/uploads\/2023\/05\/TOT-ESTA-PER-FER.pdf\" target=\"_blank\" rel=\"noreferrer noopener\">Descargar<\/a><\/div>\n<\/div>\n<\/div><\/div>\n\n\n\n<p><\/p>\n\n\n\n<p><\/p>\n\n\n\n<div class=\"wp-block-media-text alignwide is-stacked-on-mobile\" style=\"grid-template-columns:25% auto\"><figure class=\"wp-block-media-text__media\"><img loading=\"lazy\" decoding=\"async\" width=\"796\" height=\"1024\" src=\"https:\/\/valenciarepublicana.dival.es\/wp-content\/uploads\/2023\/05\/Captura-de-pantalla-2023-05-31-a-las-18.11.12-796x1024.png\" alt=\"\" class=\"wp-image-1216 size-full\" srcset=\"https:\/\/valenciarepublicana.dival.es\/wp-content\/uploads\/2023\/05\/Captura-de-pantalla-2023-05-31-a-las-18.11.12-796x1024.png 796w, https:\/\/valenciarepublicana.dival.es\/wp-content\/uploads\/2023\/05\/Captura-de-pantalla-2023-05-31-a-las-18.11.12-233x300.png 233w, https:\/\/valenciarepublicana.dival.es\/wp-content\/uploads\/2023\/05\/Captura-de-pantalla-2023-05-31-a-las-18.11.12-768x988.png 768w, https:\/\/valenciarepublicana.dival.es\/wp-content\/uploads\/2023\/05\/Captura-de-pantalla-2023-05-31-a-las-18.11.12-1194x1536.png 1194w, https:\/\/valenciarepublicana.dival.es\/wp-content\/uploads\/2023\/05\/Captura-de-pantalla-2023-05-31-a-las-18.11.12.png 1564w\" sizes=\"(max-width: 796px) 100vw, 796px\" \/><\/figure><div class=\"wp-block-media-text__content\">\n<h3 class=\"wp-block-heading\">Los 11 meses m\u00e1s intensos de Val\u00e8ncia<\/h3>\n\n\n\n<p>Art\u00edculo Levante EMV 7\/11\/2021<\/p>\n\n\n\n<div class=\"wp-block-buttons is-layout-flex wp-block-buttons-is-layout-flex\">\n<div class=\"wp-block-button\"><a class=\"wp-block-button__link wp-element-button\" href=\"https:\/\/valenciarepublicana.dival.es\/wp-content\/uploads\/2023\/05\/Capitalidad.pdf\" target=\"_blank\" rel=\"noreferrer noopener\">Descaregar<\/a><\/div>\n<\/div>\n<\/div><\/div>\n","protected":false},"excerpt":{"rendered":"<p>Val\u00e8ncia se convirti\u00f3 por un tiempo \u2013entre noviembre de 1936 y octubre de 1937\u2013 en centro de atenci\u00f3n nacional e internacional. Val\u00e8ncia tuvo que improvisar en poco tiempo la instalaci\u00f3n de la Presidencia de la Rep\u00fablica, de once ministerios, de abundantes subsecretarias y direcciones generales, del Estado Mayor Central, o del Tribunal Supremo, entre otras [&hellip;]<\/p>\n","protected":false},"author":1,"featured_media":0,"parent":0,"menu_order":0,"comment_status":"closed","ping_status":"closed","template":"","meta":{"footnotes":""},"class_list":["post-1225","page","type-page","status-publish","hentry"],"_links":{"self":[{"href":"https:\/\/valenciarepublicana.dival.es\/es\/wp-json\/wp\/v2\/pages\/1225","targetHints":{"allow":["GET"]}}],"collection":[{"href":"https:\/\/valenciarepublicana.dival.es\/es\/wp-json\/wp\/v2\/pages"}],"about":[{"href":"https:\/\/valenciarepublicana.dival.es\/es\/wp-json\/wp\/v2\/types\/page"}],"author":[{"embeddable":true,"href":"https:\/\/valenciarepublicana.dival.es\/es\/wp-json\/wp\/v2\/users\/1"}],"replies":[{"embeddable":true,"href":"https:\/\/valenciarepublicana.dival.es\/es\/wp-json\/wp\/v2\/comments?post=1225"}],"version-history":[{"count":5,"href":"https:\/\/valenciarepublicana.dival.es\/es\/wp-json\/wp\/v2\/pages\/1225\/revisions"}],"predecessor-version":[{"id":1239,"href":"https:\/\/valenciarepublicana.dival.es\/es\/wp-json\/wp\/v2\/pages\/1225\/revisions\/1239"}],"wp:attachment":[{"href":"https:\/\/valenciarepublicana.dival.es\/es\/wp-json\/wp\/v2\/media?parent=1225"}],"curies":[{"name":"wp","href":"https:\/\/api.w.org\/{rel}","templated":true}]}}